{"id":827,"date":"2016-09-27T11:47:04","date_gmt":"2016-09-27T11:47:04","guid":{"rendered":"http:\/\/josegiribas.com\/?page_id=827"},"modified":"2017-09-26T18:00:50","modified_gmt":"2017-09-26T18:00:50","slug":"spanien","status":"publish","type":"page","link":"https:\/\/josegiribas.com\/es\/spanien\/","title":{"rendered":"Espa\u00f1a"},"content":{"rendered":"<style type=\"text\/css\">\n#foogallery-gallery-829 .fg-image { width: 150px; }\n#foogallery-gallery-829 { --fg-gutter: 10px; }<\/style>\n\t\t\t<div class=\"foogallery foogallery-container foogallery-default foogallery-lightbox-foobox fg-center fg-default fg-ready fg-light fg-border-thin fg-shadow-small fg-loading-default fg-loaded-fade-in fg-hover-fade fg-hover-zoom\" id=\"foogallery-gallery-829\" data-foogallery=\"{&quot;item&quot;:{&quot;showCaptionTitle&quot;:true,&quot;showCaptionDescription&quot;:false},&quot;lazy&quot;:true}\" style=\"--fg-title-line-clamp: 0; --fg-description-line-clamp: 0;\" >\n\t<div class=\"fg-item fg-type-image fg-idle\"><figure class=\"fg-item-inner\"><a href=\"https:\/\/josegiribas.com\/wp-content\/uploads\/2016\/09\/JGM13072808.jpg\" data-caption-title=\"{:de}Bilbao, Spanien, 23.07.2013.\r\nSchinken Fachgeschaeft &quot;Viandas de Salamanca&quot; in Bilbao am 23.07.2013. &quot;Pata Negra&quot;, Edelschinken vom Iberischen Schwarzklauenschwein.{:}{:es}Tienda especializada &quot;Viandas de Salamanca&quot; en Bilbao el 23.07.2013.\r\n&quot;Pata Negra&quot; Jam\u00f3n de lujo del cerdo ib\u00e9rico.{:}\" data-attachment-id=\"826\" data-type=\"image\" class=\"fg-thumb\"><span class=\"fg-image-wrap\"><img decoding=\"async\" title=\"{:de}Bilbao, Spanien, 23.07.2013.\r\nSchinken Fachgeschaeft &quot;Viandas de Salamanca&quot; in Bilbao am 23.07.2013. &quot;Pata Negra&quot;, Edelschinken vom Iberischen Schwarzklauenschwein.{:}{:es}Tienda especializada &quot;Viandas de Salamanca&quot; en Bilbao el 23.07.2013.\r\n&quot;Pata Negra&quot; Jam\u00f3n de lujo del cerdo ib\u00e9rico.{:}\" width=\"150\" height=\"150\" class=\"skip-lazy fg-image\" data-src-fg=\"https:\/\/josegiribas.com\/wp-content\/uploads\/cache\/2016\/09\/JGM13072808\/1159365384.jpg\" src=\"data:image\/svg+xml,%3Csvg%20xmlns%3D%22http%3A%2F%2Fwww.w3.org%2F2000%2Fsvg%22%20width%3D%22150%22%20height%3D%22150%22%20viewBox%3D%220%200%20150%20150%22%3E%3C%2Fsvg%3E\" loading=\"eager\"><\/span><span class=\"fg-image-overlay\"><\/span><\/a><figcaption class=\"fg-caption\"><div class=\"fg-caption-inner\"><div class=\"fg-caption-title\">{:de}Bilbao, Spanien, 23.07.2013.\r\nSchinken Fachgeschaeft \"Viandas de Salamanca\" in Bilbao am 23.07.2013. \"Pata Negra\", Edelschinken vom Iberischen Schwarzklauenschwein.{:}{:es}Tienda especializada \"Viandas de Salamanca\" en Bilbao el 23.07.2013.\r\n\"Pata Negra\" Jam\u00f3n de lujo del cerdo ib\u00e9rico.{:}<\/div><\/div><\/figcaption><\/figure><div class=\"fg-loader\"><\/div><\/div><div class=\"fg-item fg-type-image fg-idle\"><figure class=\"fg-item-inner\"><a href=\"https:\/\/josegiribas.com\/wp-content\/uploads\/2016\/09\/JGM13072296.jpg\" data-caption-title=\"F\u00e4\u00dferlager in der Kellerei Lopez de Heredia in Haro, Spanien am 18.07.2013.\" data-attachment-id=\"825\" data-type=\"image\" class=\"fg-thumb\"><span class=\"fg-image-wrap\"><img decoding=\"async\" title=\"F\u00e4\u00dferlager in der Kellerei Lopez de Heredia in Haro, Spanien am 18.07.2013.\" width=\"150\" height=\"150\" class=\"skip-lazy fg-image\" data-src-fg=\"https:\/\/josegiribas.com\/wp-content\/uploads\/cache\/2016\/09\/JGM13072296\/3223131184.jpg\" src=\"data:image\/svg+xml,%3Csvg%20xmlns%3D%22http%3A%2F%2Fwww.w3.org%2F2000%2Fsvg%22%20width%3D%22150%22%20height%3D%22150%22%20viewBox%3D%220%200%20150%20150%22%3E%3C%2Fsvg%3E\" loading=\"eager\"><\/span><span class=\"fg-image-overlay\"><\/span><\/a><figcaption class=\"fg-caption\"><div class=\"fg-caption-inner\"><div class=\"fg-caption-title\">F\u00e4\u00dferlager in der Kellerei Lopez de Heredia in Haro, Spanien am 18.07.2013.<\/div><\/div><\/figcaption><\/figure><div class=\"fg-loader\"><\/div><\/div><div class=\"fg-item fg-type-image fg-idle\"><figure class=\"fg-item-inner\"><a href=\"https:\/\/josegiribas.com\/wp-content\/uploads\/2016\/09\/JGM13072174.jpg\" data-caption-title=\"Hotel in der Kellerei Marques de Riscal in Elciego, Spanien am 18.07.2013.\nDas Hotel ist ein Werk des Architekten Frank O. Gehry.\" data-attachment-id=\"824\" data-type=\"image\" class=\"fg-thumb\"><span class=\"fg-image-wrap\"><img decoding=\"async\" title=\"Hotel in der Kellerei Marques de Riscal in Elciego, Spanien am 18.07.2013.\nDas Hotel ist ein Werk des Architekten Frank O. Gehry.\" width=\"150\" height=\"150\" class=\"skip-lazy fg-image\" data-src-fg=\"https:\/\/josegiribas.com\/wp-content\/uploads\/cache\/2016\/09\/JGM13072174\/236580715.jpg\" src=\"data:image\/svg+xml,%3Csvg%20xmlns%3D%22http%3A%2F%2Fwww.w3.org%2F2000%2Fsvg%22%20width%3D%22150%22%20height%3D%22150%22%20viewBox%3D%220%200%20150%20150%22%3E%3C%2Fsvg%3E\" loading=\"eager\"><\/span><span class=\"fg-image-overlay\"><\/span><\/a><figcaption class=\"fg-caption\"><div class=\"fg-caption-inner\"><div class=\"fg-caption-title\">Hotel in der Kellerei Marques de Riscal in Elciego, Spanien am 18.07.2013.\nDas Hotel ist ein Werk des Architekten Frank O. Gehry.<\/div><\/div><\/figcaption><\/figure><div class=\"fg-loader\"><\/div><\/div><div class=\"fg-item fg-type-image fg-idle\"><figure class=\"fg-item-inner\"><a href=\"https:\/\/josegiribas.com\/wp-content\/uploads\/2016\/09\/JGM13071860.jpg\" data-caption-title=\"Besucher-Pavillon in der Kellerei Lopez de Heredia in Haro, Spanien am 18.07.2013.\nDer Besucher- und Verkostung-Pavillon ist ein Werk der irakische Architektin Zahid Hadid.\" data-attachment-id=\"823\" data-type=\"image\" class=\"fg-thumb\"><span class=\"fg-image-wrap\"><img decoding=\"async\" title=\"Besucher-Pavillon in der Kellerei Lopez de Heredia in Haro, Spanien am 18.07.2013.\nDer Besucher- und Verkostung-Pavillon ist ein Werk der irakische Architektin Zahid Hadid.\" width=\"150\" height=\"150\" class=\"skip-lazy fg-image\" data-src-fg=\"https:\/\/josegiribas.com\/wp-content\/uploads\/cache\/2016\/09\/JGM13071860\/17982366.jpg\" src=\"data:image\/svg+xml,%3Csvg%20xmlns%3D%22http%3A%2F%2Fwww.w3.org%2F2000%2Fsvg%22%20width%3D%22150%22%20height%3D%22150%22%20viewBox%3D%220%200%20150%20150%22%3E%3C%2Fsvg%3E\" loading=\"eager\"><\/span><span class=\"fg-image-overlay\"><\/span><\/a><figcaption class=\"fg-caption\"><div class=\"fg-caption-inner\"><div class=\"fg-caption-title\">Besucher-Pavillon in der Kellerei Lopez de Heredia in Haro, Spanien am 18.07.2013.\nDer Besucher- und Verkostung-Pavillon ist ein Werk der irakische Architektin Zahid Hadid.<\/div><\/div><\/figcaption><\/figure><div class=\"fg-loader\"><\/div><\/div><div class=\"fg-item fg-type-image fg-idle\"><figure class=\"fg-item-inner\"><a href=\"https:\/\/josegiribas.com\/wp-content\/uploads\/2016\/09\/JGM13071362.jpg\" data-caption-title=\"Eingang zur Kellerei Ysios in Laguardia, Spanien am 16.07.2013.\r\nDas Geb\u00e4ude ist ein Werk des spanischer Architekten Santiago Calatrava.\" data-attachment-id=\"822\" data-type=\"image\" class=\"fg-thumb\"><span class=\"fg-image-wrap\"><img decoding=\"async\" title=\"Eingang zur Kellerei Ysios in Laguardia, Spanien am 16.07.2013.\r\nDas Geb\u00e4ude ist ein Werk des spanischer Architekten Santiago Calatrava.\" width=\"150\" height=\"150\" class=\"skip-lazy fg-image\" data-src-fg=\"https:\/\/josegiribas.com\/wp-content\/uploads\/cache\/2016\/09\/JGM13071362\/335741859.jpg\" src=\"data:image\/svg+xml,%3Csvg%20xmlns%3D%22http%3A%2F%2Fwww.w3.org%2F2000%2Fsvg%22%20width%3D%22150%22%20height%3D%22150%22%20viewBox%3D%220%200%20150%20150%22%3E%3C%2Fsvg%3E\" loading=\"eager\"><\/span><span class=\"fg-image-overlay\"><\/span><\/a><figcaption class=\"fg-caption\"><div class=\"fg-caption-inner\"><div class=\"fg-caption-title\">Eingang zur Kellerei Ysios in Laguardia, Spanien am 16.07.2013.\r\nDas Geb\u00e4ude ist ein Werk des spanischer Architekten Santiago Calatrava.<\/div><\/div><\/figcaption><\/figure><div class=\"fg-loader\"><\/div><\/div><div class=\"fg-item fg-type-image fg-idle\"><figure class=\"fg-item-inner\"><a href=\"https:\/\/josegiribas.com\/wp-content\/uploads\/2016\/09\/JGM13070586.jpg\" data-caption-title=\"Bar mit Tapas und Pintxos in San Sebastian, Spanien am 12.07.2013.\" data-attachment-id=\"821\" data-type=\"image\" class=\"fg-thumb\"><span class=\"fg-image-wrap\"><img decoding=\"async\" title=\"Bar mit Tapas und Pintxos in San Sebastian, Spanien am 12.07.2013.\" width=\"150\" height=\"150\" class=\"skip-lazy fg-image\" data-src-fg=\"https:\/\/josegiribas.com\/wp-content\/uploads\/cache\/2016\/09\/JGM13070586\/3206011604.jpg\" src=\"data:image\/svg+xml,%3Csvg%20xmlns%3D%22http%3A%2F%2Fwww.w3.org%2F2000%2Fsvg%22%20width%3D%22150%22%20height%3D%22150%22%20viewBox%3D%220%200%20150%20150%22%3E%3C%2Fsvg%3E\" loading=\"eager\"><\/span><span class=\"fg-image-overlay\"><\/span><\/a><figcaption class=\"fg-caption\"><div class=\"fg-caption-inner\"><div class=\"fg-caption-title\">Bar mit Tapas und Pintxos in San Sebastian, Spanien am 12.07.2013.<\/div><\/div><\/figcaption><\/figure><div class=\"fg-loader\"><\/div><\/div><div class=\"fg-item fg-type-image fg-idle\"><figure class=\"fg-item-inner\"><a href=\"https:\/\/josegiribas.com\/wp-content\/uploads\/2016\/09\/JGM10051133.jpg\" data-caption-title=\"Capas Sese\u00f1a am 20.05.2010 in Madrid, Spanien.\r\nCapas Sese\u00f1a ist eine traditionelles Schneiderei f\u00fcr Capas (spanisches Gewand, das man statt eines Mantels tragen kann) und Mantones (Umschlagt\u00fccher aus Seide).\" data-attachment-id=\"820\" data-type=\"image\" class=\"fg-thumb\"><span class=\"fg-image-wrap\"><img decoding=\"async\" title=\"Capas Sese\u00f1a am 20.05.2010 in Madrid, Spanien.\r\nCapas Sese\u00f1a ist eine traditionelles Schneiderei f\u00fcr Capas (spanisches Gewand, das man statt eines Mantels tragen kann) und Mantones (Umschlagt\u00fccher aus Seide).\" width=\"150\" height=\"150\" class=\"skip-lazy fg-image\" data-src-fg=\"https:\/\/josegiribas.com\/wp-content\/uploads\/cache\/2016\/09\/JGM10051133\/2185826852.jpg\" src=\"data:image\/svg+xml,%3Csvg%20xmlns%3D%22http%3A%2F%2Fwww.w3.org%2F2000%2Fsvg%22%20width%3D%22150%22%20height%3D%22150%22%20viewBox%3D%220%200%20150%20150%22%3E%3C%2Fsvg%3E\" loading=\"eager\"><\/span><span class=\"fg-image-overlay\"><\/span><\/a><figcaption class=\"fg-caption\"><div class=\"fg-caption-inner\"><div class=\"fg-caption-title\">Capas Sese\u00f1a am 20.05.2010 in Madrid, Spanien.\r\nCapas Sese\u00f1a ist eine traditionelles Schneiderei f\u00fcr Capas (spanisches Gewand, das man statt eines Mantels tragen kann) und Mantones (Umschlagt\u00fccher aus Seide).<\/div><\/div><\/figcaption><\/figure><div class=\"fg-loader\"><\/div><\/div><div class=\"fg-item fg-type-image fg-idle\"><figure class=\"fg-item-inner\"><a href=\"https:\/\/josegiribas.com\/wp-content\/uploads\/2016\/09\/JGM10050838.jpg\" data-caption-title=\"Gesch\u00e4ft des Gitarrenbauer Jos\u00e9 Romero, traditioneller Handwerker am 19.05.2010 in Madrid.\" data-attachment-id=\"819\" data-type=\"image\" class=\"fg-thumb\"><span class=\"fg-image-wrap\"><img decoding=\"async\" title=\"Gesch\u00e4ft des Gitarrenbauer Jos\u00e9 Romero, traditioneller Handwerker am 19.05.2010 in Madrid.\" width=\"150\" height=\"150\" class=\"skip-lazy fg-image\" data-src-fg=\"https:\/\/josegiribas.com\/wp-content\/uploads\/cache\/2016\/09\/JGM10050838\/3445655397.jpg\" src=\"data:image\/svg+xml,%3Csvg%20xmlns%3D%22http%3A%2F%2Fwww.w3.org%2F2000%2Fsvg%22%20width%3D%22150%22%20height%3D%22150%22%20viewBox%3D%220%200%20150%20150%22%3E%3C%2Fsvg%3E\" loading=\"eager\"><\/span><span class=\"fg-image-overlay\"><\/span><\/a><figcaption class=\"fg-caption\"><div class=\"fg-caption-inner\"><div class=\"fg-caption-title\">Gesch\u00e4ft des Gitarrenbauer Jos\u00e9 Romero, traditioneller Handwerker am 19.05.2010 in Madrid.<\/div><\/div><\/figcaption><\/figure><div class=\"fg-loader\"><\/div><\/div><div class=\"fg-item fg-type-image fg-idle\"><figure class=\"fg-item-inner\"><a href=\"https:\/\/josegiribas.com\/wp-content\/uploads\/2016\/09\/JGM10050343.jpg\" data-caption-title=\"Stierkampfarena Las Ventas in Madrid, Spanien am 15.05.2010.\" data-attachment-id=\"818\" data-type=\"image\" class=\"fg-thumb\"><span class=\"fg-image-wrap\"><img decoding=\"async\" title=\"Stierkampfarena Las Ventas in Madrid, Spanien am 15.05.2010.\" width=\"150\" height=\"150\" class=\"skip-lazy fg-image\" data-src-fg=\"https:\/\/josegiribas.com\/wp-content\/uploads\/cache\/2016\/09\/JGM10050343\/2740949434.jpg\" src=\"data:image\/svg+xml,%3Csvg%20xmlns%3D%22http%3A%2F%2Fwww.w3.org%2F2000%2Fsvg%22%20width%3D%22150%22%20height%3D%22150%22%20viewBox%3D%220%200%20150%20150%22%3E%3C%2Fsvg%3E\" loading=\"eager\"><\/span><span class=\"fg-image-overlay\"><\/span><\/a><figcaption class=\"fg-caption\"><div class=\"fg-caption-inner\"><div class=\"fg-caption-title\">Stierkampfarena Las Ventas in Madrid, Spanien am 15.05.2010.<\/div><\/div><\/figcaption><\/figure><div class=\"fg-loader\"><\/div><\/div><div class=\"fg-item fg-type-image fg-idle\"><figure class=\"fg-item-inner\"><a href=\"https:\/\/josegiribas.com\/wp-content\/uploads\/2016\/09\/JGM10050283.jpg\" data-caption-title=\"Stierkampf im Stierkampfarena Las Ventas in Madrid, Spanien am 15.05.2010.\r\nSebastian Castella (3. v. l.), Stierk\u00e4mpfer (Torero) mit seinem Team.\" data-attachment-id=\"817\" data-type=\"image\" class=\"fg-thumb\"><span class=\"fg-image-wrap\"><img decoding=\"async\" title=\"Stierkampf im Stierkampfarena Las Ventas in Madrid, Spanien am 15.05.2010.\r\nSebastian Castella (3. v. l.), Stierk\u00e4mpfer (Torero) mit seinem Team.\" width=\"150\" height=\"150\" class=\"skip-lazy fg-image\" data-src-fg=\"https:\/\/josegiribas.com\/wp-content\/uploads\/cache\/2016\/09\/JGM10050283\/764879976.jpg\" src=\"data:image\/svg+xml,%3Csvg%20xmlns%3D%22http%3A%2F%2Fwww.w3.org%2F2000%2Fsvg%22%20width%3D%22150%22%20height%3D%22150%22%20viewBox%3D%220%200%20150%20150%22%3E%3C%2Fsvg%3E\" loading=\"eager\"><\/span><span class=\"fg-image-overlay\"><\/span><\/a><figcaption class=\"fg-caption\"><div class=\"fg-caption-inner\"><div class=\"fg-caption-title\">Stierkampf im Stierkampfarena Las Ventas in Madrid, Spanien am 15.05.2010.\r\nSebastian Castella (3. v. l.), Stierk\u00e4mpfer (Torero) mit seinem Team.<\/div><\/div><\/figcaption><\/figure><div class=\"fg-loader\"><\/div><\/div><div class=\"fg-item fg-type-image fg-idle\"><figure class=\"fg-item-inner\"><a href=\"https:\/\/josegiribas.com\/wp-content\/uploads\/2016\/09\/JGL1109643.jpg\" data-caption-title=\"Frauen im Markt La Boqueria in Barcelona, Spanien am 05.09.2011.\" data-attachment-id=\"816\" data-type=\"image\" class=\"fg-thumb\"><span class=\"fg-image-wrap\"><img decoding=\"async\" title=\"Frauen im Markt La Boqueria in Barcelona, Spanien am 05.09.2011.\" width=\"150\" height=\"150\" class=\"skip-lazy fg-image\" data-src-fg=\"https:\/\/josegiribas.com\/wp-content\/uploads\/cache\/2016\/09\/JGL1109643\/3289459252.jpg\" src=\"data:image\/svg+xml,%3Csvg%20xmlns%3D%22http%3A%2F%2Fwww.w3.org%2F2000%2Fsvg%22%20width%3D%22150%22%20height%3D%22150%22%20viewBox%3D%220%200%20150%20150%22%3E%3C%2Fsvg%3E\" loading=\"eager\"><\/span><span class=\"fg-image-overlay\"><\/span><\/a><figcaption class=\"fg-caption\"><div class=\"fg-caption-inner\"><div class=\"fg-caption-title\">Frauen im Markt La Boqueria in Barcelona, Spanien am 05.09.2011.<\/div><\/div><\/figcaption><\/figure><div class=\"fg-loader\"><\/div><\/div><div class=\"fg-item fg-type-image fg-idle\"><figure class=\"fg-item-inner\"><a href=\"https:\/\/josegiribas.com\/wp-content\/uploads\/2016\/09\/JGL0909435.jpg\" data-caption-title=\"Park Guell (vom Architekten Antoni Gaudi gestaltet) in Barcelona, Spanien am 06.09.2009.\" data-attachment-id=\"815\" data-type=\"image\" class=\"fg-thumb\"><span class=\"fg-image-wrap\"><img decoding=\"async\" title=\"Park Guell (vom Architekten Antoni Gaudi gestaltet) in Barcelona, Spanien am 06.09.2009.\" width=\"150\" height=\"150\" class=\"skip-lazy fg-image\" data-src-fg=\"https:\/\/josegiribas.com\/wp-content\/uploads\/cache\/2016\/09\/JGL0909435\/3779664235.jpg\" src=\"data:image\/svg+xml,%3Csvg%20xmlns%3D%22http%3A%2F%2Fwww.w3.org%2F2000%2Fsvg%22%20width%3D%22150%22%20height%3D%22150%22%20viewBox%3D%220%200%20150%20150%22%3E%3C%2Fsvg%3E\" loading=\"eager\"><\/span><span class=\"fg-image-overlay\"><\/span><\/a><figcaption class=\"fg-caption\"><div class=\"fg-caption-inner\"><div class=\"fg-caption-title\">Park Guell (vom Architekten Antoni Gaudi gestaltet) in Barcelona, Spanien am 06.09.2009.<\/div><\/div><\/figcaption><\/figure><div class=\"fg-loader\"><\/div><\/div><div class=\"fg-item fg-type-image fg-idle\"><figure class=\"fg-item-inner\"><a href=\"https:\/\/josegiribas.com\/wp-content\/uploads\/2016\/09\/JGL0909372.jpg\" data-caption-title=\"Mosaik von Joan Miro in Las Ramblas, Barcelona, Spanien am 06.09.2009.\" data-attachment-id=\"814\" data-type=\"image\" class=\"fg-thumb\"><span class=\"fg-image-wrap\"><img decoding=\"async\" title=\"Mosaik von Joan Miro in Las Ramblas, Barcelona, Spanien am 06.09.2009.\" width=\"150\" height=\"150\" class=\"skip-lazy fg-image\" data-src-fg=\"https:\/\/josegiribas.com\/wp-content\/uploads\/cache\/2016\/09\/JGL0909372\/1759065834.jpg\" src=\"data:image\/svg+xml,%3Csvg%20xmlns%3D%22http%3A%2F%2Fwww.w3.org%2F2000%2Fsvg%22%20width%3D%22150%22%20height%3D%22150%22%20viewBox%3D%220%200%20150%20150%22%3E%3C%2Fsvg%3E\" loading=\"eager\"><\/span><span class=\"fg-image-overlay\"><\/span><\/a><figcaption class=\"fg-caption\"><div class=\"fg-caption-inner\"><div class=\"fg-caption-title\">Mosaik von Joan Miro in Las Ramblas, Barcelona, Spanien am 06.09.2009.<\/div><\/div><\/figcaption><\/figure><div class=\"fg-loader\"><\/div><\/div><div class=\"fg-item fg-type-image fg-idle\"><figure class=\"fg-item-inner\"><a href=\"https:\/\/josegiribas.com\/wp-content\/uploads\/2016\/09\/JGL0709724.jpg\" data-caption-title=\"Detail der Decke in der Kirche La Sagrada Familia des Architekten Antoni Gaudi in Barcelona, Spanien am 09.09.2007.\" data-attachment-id=\"813\" data-type=\"image\" class=\"fg-thumb\"><span class=\"fg-image-wrap\"><img decoding=\"async\" title=\"Detail der Decke in der Kirche La Sagrada Familia des Architekten Antoni Gaudi in Barcelona, Spanien am 09.09.2007.\" width=\"150\" height=\"150\" class=\"skip-lazy fg-image\" data-src-fg=\"https:\/\/josegiribas.com\/wp-content\/uploads\/cache\/2016\/09\/JGL0709724\/2719404139.jpg\" src=\"data:image\/svg+xml,%3Csvg%20xmlns%3D%22http%3A%2F%2Fwww.w3.org%2F2000%2Fsvg%22%20width%3D%22150%22%20height%3D%22150%22%20viewBox%3D%220%200%20150%20150%22%3E%3C%2Fsvg%3E\" loading=\"eager\"><\/span><span class=\"fg-image-overlay\"><\/span><\/a><figcaption class=\"fg-caption\"><div class=\"fg-caption-inner\"><div class=\"fg-caption-title\">Detail der Decke in der Kirche La Sagrada Familia des Architekten Antoni Gaudi in Barcelona, Spanien am 09.09.2007.<\/div><\/div><\/figcaption><\/figure><div class=\"fg-loader\"><\/div><\/div><div class=\"fg-item fg-type-image fg-idle\"><figure class=\"fg-item-inner\"><a href=\"https:\/\/josegiribas.com\/wp-content\/uploads\/2016\/09\/JGL0707086.jpg\" data-caption-title=\"Hutladen Obach im Gothik Viertel in Barcelona, Spanien am 23.07.2007.\" data-attachment-id=\"812\" data-type=\"image\" class=\"fg-thumb\"><span class=\"fg-image-wrap\"><img decoding=\"async\" title=\"Hutladen Obach im Gothik Viertel in Barcelona, Spanien am 23.07.2007.\" width=\"150\" height=\"150\" class=\"skip-lazy fg-image\" data-src-fg=\"https:\/\/josegiribas.com\/wp-content\/uploads\/cache\/2016\/09\/JGL0707086\/4191289626.jpg\" src=\"data:image\/svg+xml,%3Csvg%20xmlns%3D%22http%3A%2F%2Fwww.w3.org%2F2000%2Fsvg%22%20width%3D%22150%22%20height%3D%22150%22%20viewBox%3D%220%200%20150%20150%22%3E%3C%2Fsvg%3E\" loading=\"eager\"><\/span><span class=\"fg-image-overlay\"><\/span><\/a><figcaption class=\"fg-caption\"><div class=\"fg-caption-inner\"><div class=\"fg-caption-title\">Hutladen Obach im Gothik Viertel in Barcelona, Spanien am 23.07.2007.<\/div><\/div><\/figcaption><\/figure><div class=\"fg-loader\"><\/div><\/div><div class=\"fg-item fg-type-image fg-idle\"><figure class=\"fg-item-inner\"><a href=\"https:\/\/josegiribas.com\/wp-content\/uploads\/2016\/09\/JG10054772.jpg\" data-caption-title=\"Stierkampf im Stierkampfarena Las Ventas in Madrid, Spanien am 16.05.2010.\" data-attachment-id=\"811\" data-type=\"image\" class=\"fg-thumb\"><span class=\"fg-image-wrap\"><img decoding=\"async\" title=\"Stierkampf im Stierkampfarena Las Ventas in Madrid, Spanien am 16.05.2010.\" width=\"150\" height=\"150\" class=\"skip-lazy fg-image\" data-src-fg=\"https:\/\/josegiribas.com\/wp-content\/uploads\/cache\/2016\/09\/JG10054772\/2184368534.jpg\" src=\"data:image\/svg+xml,%3Csvg%20xmlns%3D%22http%3A%2F%2Fwww.w3.org%2F2000%2Fsvg%22%20width%3D%22150%22%20height%3D%22150%22%20viewBox%3D%220%200%20150%20150%22%3E%3C%2Fsvg%3E\" loading=\"eager\"><\/span><span class=\"fg-image-overlay\"><\/span><\/a><figcaption class=\"fg-caption\"><div class=\"fg-caption-inner\"><div class=\"fg-caption-title\">Stierkampf im Stierkampfarena Las Ventas in Madrid, Spanien am 16.05.2010.<\/div><\/div><\/figcaption><\/figure><div class=\"fg-loader\"><\/div><\/div><div class=\"fg-item fg-type-image fg-idle\"><figure class=\"fg-item-inner\"><a href=\"https:\/\/josegiribas.com\/wp-content\/uploads\/2016\/09\/JG08081084.jpg\" data-caption-title=\"Strand in Lloret de Mar, Katalonien, Spanien am 21.08.2008.\" data-attachment-id=\"810\" data-type=\"image\" class=\"fg-thumb\"><span class=\"fg-image-wrap\"><img decoding=\"async\" title=\"Strand in Lloret de Mar, Katalonien, Spanien am 21.08.2008.\" width=\"150\" height=\"150\" class=\"skip-lazy fg-image\" data-src-fg=\"https:\/\/josegiribas.com\/wp-content\/uploads\/cache\/2016\/09\/JG08081084\/537331750.jpg\" src=\"data:image\/svg+xml,%3Csvg%20xmlns%3D%22http%3A%2F%2Fwww.w3.org%2F2000%2Fsvg%22%20width%3D%22150%22%20height%3D%22150%22%20viewBox%3D%220%200%20150%20150%22%3E%3C%2Fsvg%3E\" loading=\"eager\"><\/span><span class=\"fg-image-overlay\"><\/span><\/a><figcaption class=\"fg-caption\"><div class=\"fg-caption-inner\"><div class=\"fg-caption-title\">Strand in Lloret de Mar, Katalonien, Spanien am 21.08.2008.<\/div><\/div><\/figcaption><\/figure><div class=\"fg-loader\"><\/div><\/div><div class=\"fg-item fg-type-image fg-idle\"><figure class=\"fg-item-inner\"><a href=\"https:\/\/josegiribas.com\/wp-content\/uploads\/2016\/09\/JG08080645.jpg\" data-caption-title=\"Kloster Montserrat, Barcelona, Spanien am 15.08.2008.\" data-attachment-id=\"809\" data-type=\"image\" class=\"fg-thumb\"><span class=\"fg-image-wrap\"><img decoding=\"async\" title=\"Kloster Montserrat, Barcelona, Spanien am 15.08.2008.\" width=\"150\" height=\"150\" class=\"skip-lazy fg-image\" data-src-fg=\"https:\/\/josegiribas.com\/wp-content\/uploads\/cache\/2016\/09\/JG08080645\/481403462.jpg\" src=\"data:image\/svg+xml,%3Csvg%20xmlns%3D%22http%3A%2F%2Fwww.w3.org%2F2000%2Fsvg%22%20width%3D%22150%22%20height%3D%22150%22%20viewBox%3D%220%200%20150%20150%22%3E%3C%2Fsvg%3E\" loading=\"eager\"><\/span><span class=\"fg-image-overlay\"><\/span><\/a><figcaption class=\"fg-caption\"><div class=\"fg-caption-inner\"><div class=\"fg-caption-title\">Kloster Montserrat, Barcelona, Spanien am 15.08.2008.<\/div><\/div><\/figcaption><\/figure><div class=\"fg-loader\"><\/div><\/div><div class=\"fg-item fg-type-image fg-idle\"><figure class=\"fg-item-inner\"><a href=\"https:\/\/josegiribas.com\/wp-content\/uploads\/2016\/09\/JG08080392.jpg\" data-caption-title=\"Casa Batllo von Antoni Gaudi  in Barcelona, Spanien am 10.08.2008.\" data-attachment-id=\"808\" data-type=\"image\" class=\"fg-thumb\"><span class=\"fg-image-wrap\"><img decoding=\"async\" title=\"Casa Batllo von Antoni Gaudi  in Barcelona, Spanien am 10.08.2008.\" width=\"150\" height=\"150\" class=\"skip-lazy fg-image\" data-src-fg=\"https:\/\/josegiribas.com\/wp-content\/uploads\/cache\/2016\/09\/JG08080392\/1031269281.jpg\" src=\"data:image\/svg+xml,%3Csvg%20xmlns%3D%22http%3A%2F%2Fwww.w3.org%2F2000%2Fsvg%22%20width%3D%22150%22%20height%3D%22150%22%20viewBox%3D%220%200%20150%20150%22%3E%3C%2Fsvg%3E\" loading=\"eager\"><\/span><span class=\"fg-image-overlay\"><\/span><\/a><figcaption class=\"fg-caption\"><div class=\"fg-caption-inner\"><div class=\"fg-caption-title\">Casa Batllo von Antoni Gaudi  in Barcelona, Spanien am 10.08.2008.<\/div><\/div><\/figcaption><\/figure><div class=\"fg-loader\"><\/div><\/div><div class=\"fg-item fg-type-image fg-idle\"><figure class=\"fg-item-inner\"><a href=\"https:\/\/josegiribas.com\/wp-content\/uploads\/2016\/09\/JG08080371.jpg\" data-caption-title=\"Casa Batllo von Antoni Gaudi  in Barcelona, Spanien am 10.08.2008.\" data-attachment-id=\"807\" data-type=\"image\" class=\"fg-thumb\"><span class=\"fg-image-wrap\"><img decoding=\"async\" title=\"Casa Batllo von Antoni Gaudi  in Barcelona, Spanien am 10.08.2008.\" width=\"150\" height=\"150\" class=\"skip-lazy fg-image\" data-src-fg=\"https:\/\/josegiribas.com\/wp-content\/uploads\/cache\/2016\/09\/JG08080371\/4133113978.jpg\" src=\"data:image\/svg+xml,%3Csvg%20xmlns%3D%22http%3A%2F%2Fwww.w3.org%2F2000%2Fsvg%22%20width%3D%22150%22%20height%3D%22150%22%20viewBox%3D%220%200%20150%20150%22%3E%3C%2Fsvg%3E\" loading=\"eager\"><\/span><span class=\"fg-image-overlay\"><\/span><\/a><figcaption class=\"fg-caption\"><div class=\"fg-caption-inner\"><div class=\"fg-caption-title\">Casa Batllo von Antoni Gaudi  in Barcelona, Spanien am 10.08.2008.<\/div><\/div><\/figcaption><\/figure><div class=\"fg-loader\"><\/div><\/div><\/div>\n\n","protected":false},"excerpt":{"rendered":"","protected":false},"author":1,"featured_media":0,"parent":0,"menu_order":0,"comment_status":"closed","ping_status":"closed","template":"","meta":{"footnotes":""},"class_list":["post-827","page","type-page","status-publish","hentry","no-post-thumbnail","post-grid-3-col","entry"],"translation":{"provider":"WPGlobus","version":"3.0.2","language":"es","enabled_languages":["de","es"],"languages":{"de":{"title":true,"content":true,"excerpt":false},"es":{"title":true,"content":true,"excerpt":false}}},"_links":{"self":[{"href":"https:\/\/josegiribas.com\/es\/wp-json\/wp\/v2\/pages\/827","targetHints":{"allow":["GET"]}}],"collection":[{"href":"https:\/\/josegiribas.com\/es\/wp-json\/wp\/v2\/pages"}],"about":[{"href":"https:\/\/josegiribas.com\/es\/wp-json\/wp\/v2\/types\/page"}],"author":[{"embeddable":true,"href":"https:\/\/josegiribas.com\/es\/wp-json\/wp\/v2\/users\/1"}],"replies":[{"embeddable":true,"href":"https:\/\/josegiribas.com\/es\/wp-json\/wp\/v2\/comments?post=827"}],"version-history":[{"count":5,"href":"https:\/\/josegiribas.com\/es\/wp-json\/wp\/v2\/pages\/827\/revisions"}],"predecessor-version":[{"id":1427,"href":"https:\/\/josegiribas.com\/es\/wp-json\/wp\/v2\/pages\/827\/revisions\/1427"}],"wp:attachment":[{"href":"https:\/\/josegiribas.com\/es\/wp-json\/wp\/v2\/media?parent=827"}],"curies":[{"name":"wp","href":"https:\/\/api.w.org\/{rel}","templated":true}]}}