{"id":675,"date":"2016-09-24T11:48:03","date_gmt":"2016-09-24T11:48:03","guid":{"rendered":"http:\/\/josegiribas.com\/?page_id=675"},"modified":"2025-09-20T08:50:23","modified_gmt":"2025-09-20T08:50:23","slug":"projekte","status":"publish","type":"page","link":"https:\/\/josegiribas.com\/es\/projekte\/","title":{"rendered":"Proyectos"},"content":{"rendered":"<hr \/>\n<p><a href=\"https:\/\/online.fliphtml5.com\/xaynx\/cbvn\/\" target=\"_blank\" rel=\"noopener\">Chile, Im\u00e1genes de una Dictadura<\/a><\/p>\n<p><a href=\"https:\/\/online.fliphtml5.com\/xaynx\/lxpe\/\" target=\"_blank\" rel=\"noopener\">RDA, Tiempos de Cambio<\/a><\/p>\n<p><a href=\"https:\/\/online.fliphtml5.com\/xaynx\/fxls\/\" target=\"_blank\" rel=\"noopener\">Recuerdos<\/a><\/p>\n<p><a href=\"https:\/\/online.fliphtml5.com\/xaynx\/gwbe\/\" target=\"_blank\" rel=\"noopener\">Pol\u00edticos (Retratos)<\/a><\/p>\n<p><a href=\"https:\/\/online.fliphtml5.com\/xaynx\/wwvq\/\" target=\"_blank\" rel=\"noopener\">40 a\u00f1os de encuentros culturales<\/a><\/p>\n<p><a href=\"https:\/\/online.fliphtml5.com\/xaynx\/pwbj\/\" target=\"_blank\" rel=\"noopener\">Fot\u00f3grafos (Retratos)<\/a><\/p>\n<p><a href=\"http:\/\/memoriactiva.info\/es\/\" target=\"_blank\" rel=\"noopener\">MEMORIACTIVA<\/a><\/p>\n<p>&nbsp;<\/p>\n<p>&nbsp;<\/p>\n","protected":false},"excerpt":{"rendered":"<p>Chile, Im\u00e1genes de una Dictadura RDA, Tiempos de Cambio Recuerdos Pol\u00edticos (Retratos) 40 a\u00f1os de encuentros culturales Fot\u00f3grafos (Retratos) MEMORIACTIVA &nbsp; &nbsp;<\/p>\n","protected":false},"author":1,"featured_media":0,"parent":0,"menu_order":0,"comment_status":"closed","ping_status":"closed","template":"","meta":{"footnotes":""},"class_list":["post-675","page","type-page","status-publish","hentry","no-post-thumbnail","post-grid-3-col","entry"],"translation":{"provider":"WPGlobus","version":"3.0.2","language":"es","enabled_languages":["de","es"],"languages":{"de":{"title":true,"content":true,"excerpt":false},"es":{"title":true,"content":true,"excerpt":false}}},"_links":{"self":[{"href":"https:\/\/josegiribas.com\/es\/wp-json\/wp\/v2\/pages\/675","targetHints":{"allow":["GET"]}}],"collection":[{"href":"https:\/\/josegiribas.com\/es\/wp-json\/wp\/v2\/pages"}],"about":[{"href":"https:\/\/josegiribas.com\/es\/wp-json\/wp\/v2\/types\/page"}],"author":[{"embeddable":true,"href":"https:\/\/josegiribas.com\/es\/wp-json\/wp\/v2\/users\/1"}],"replies":[{"embeddable":true,"href":"https:\/\/josegiribas.com\/es\/wp-json\/wp\/v2\/comments?post=675"}],"version-history":[{"count":25,"href":"https:\/\/josegiribas.com\/es\/wp-json\/wp\/v2\/pages\/675\/revisions"}],"predecessor-version":[{"id":1576,"href":"https:\/\/josegiribas.com\/es\/wp-json\/wp\/v2\/pages\/675\/revisions\/1576"}],"wp:attachment":[{"href":"https:\/\/josegiribas.com\/es\/wp-json\/wp\/v2\/media?parent=675"}],"curies":[{"name":"wp","href":"https:\/\/api.w.org\/{rel}","templated":true}]}}