{"id":607,"date":"2016-09-17T12:08:06","date_gmt":"2016-09-17T12:08:06","guid":{"rendered":"http:\/\/josegiribas.com\/?page_id=607"},"modified":"2016-09-17T12:08:06","modified_gmt":"2016-09-17T12:08:06","slug":"ruanda","status":"publish","type":"page","link":"https:\/\/josegiribas.com\/es\/geschichte\/ruanda\/","title":{"rendered":"Ruanda"},"content":{"rendered":"<style type=\"text\/css\">\n#foogallery-gallery-574 .fg-image { width: 150px; }\n#foogallery-gallery-574 { --fg-gutter: 10px; }<\/style>\n\t\t\t<div class=\"foogallery foogallery-container foogallery-default foogallery-lightbox-foobox-free fg-center fg-default fg-ready fg-light fg-border-thin fg-shadow-small fg-loading-default fg-loaded-fade-in fg-hover-fade fg-hover-zoom\" id=\"foogallery-gallery-574\" data-foogallery=\"{&quot;item&quot;:{&quot;showCaptionTitle&quot;:true,&quot;showCaptionDescription&quot;:false},&quot;lazy&quot;:true}\" style=\"--fg-title-line-clamp: 0; --fg-description-line-clamp: 0;\" >\n\t<div class=\"fg-item fg-type-image fg-idle\"><figure class=\"fg-item-inner\"><a href=\"https:\/\/josegiribas.com\/wp-content\/uploads\/2016\/09\/JG00901520.jpg\" data-caption-title=\"Fl\u00fcchtlinge am Grenz\u00fcbergang Ruzizi I in Cyangugu, Ruanda am 28.08.94.\" data-attachment-id=\"661\" data-type=\"image\" class=\"fg-thumb\"><span class=\"fg-image-wrap\"><img decoding=\"async\" title=\"Fl\u00fcchtlinge am Grenz\u00fcbergang Ruzizi I in Cyangugu, Ruanda am 28.08.94.\" width=\"150\" height=\"150\" class=\"skip-lazy fg-image\" data-src-fg=\"https:\/\/josegiribas.com\/wp-content\/uploads\/cache\/2016\/09\/JG00901520\/3283856577.jpg\" src=\"data:image\/svg+xml,%3Csvg%20xmlns%3D%22http%3A%2F%2Fwww.w3.org%2F2000%2Fsvg%22%20width%3D%22150%22%20height%3D%22150%22%20viewBox%3D%220%200%20150%20150%22%3E%3C%2Fsvg%3E\" loading=\"eager\"><\/span><span class=\"fg-image-overlay\"><\/span><\/a><figcaption class=\"fg-caption\"><div class=\"fg-caption-inner\"><div class=\"fg-caption-title\">Fl\u00fcchtlinge am Grenz\u00fcbergang Ruzizi I in Cyangugu, Ruanda am 28.08.94.<\/div><\/div><\/figcaption><\/figure><div class=\"fg-loader\"><\/div><\/div><div class=\"fg-item fg-type-image fg-idle\"><figure class=\"fg-item-inner\"><a href=\"https:\/\/josegiribas.com\/wp-content\/uploads\/2016\/09\/JG00901518.jpg\" data-caption-title=\"Fl\u00fcchtlingskind wird geimpft von einem Care Deutschland Helfer am Grenz\u00fcbergang Ruzizi I in Cyangugu, Ruanda am 28.08.94.\" data-attachment-id=\"660\" data-type=\"image\" class=\"fg-thumb\"><span class=\"fg-image-wrap\"><img decoding=\"async\" title=\"Fl\u00fcchtlingskind wird geimpft von einem Care Deutschland Helfer am Grenz\u00fcbergang Ruzizi I in Cyangugu, Ruanda am 28.08.94.\" width=\"150\" height=\"150\" class=\"skip-lazy fg-image\" data-src-fg=\"https:\/\/josegiribas.com\/wp-content\/uploads\/cache\/2016\/09\/JG00901518\/364308316.jpg\" src=\"data:image\/svg+xml,%3Csvg%20xmlns%3D%22http%3A%2F%2Fwww.w3.org%2F2000%2Fsvg%22%20width%3D%22150%22%20height%3D%22150%22%20viewBox%3D%220%200%20150%20150%22%3E%3C%2Fsvg%3E\" loading=\"eager\"><\/span><span class=\"fg-image-overlay\"><\/span><\/a><figcaption class=\"fg-caption\"><div class=\"fg-caption-inner\"><div class=\"fg-caption-title\">Fl\u00fcchtlingskind wird geimpft von einem Care Deutschland Helfer am Grenz\u00fcbergang Ruzizi I in Cyangugu, Ruanda am 28.08.94.<\/div><\/div><\/figcaption><\/figure><div class=\"fg-loader\"><\/div><\/div><div class=\"fg-item fg-type-image fg-idle\"><figure class=\"fg-item-inner\"><a href=\"https:\/\/josegiribas.com\/wp-content\/uploads\/2016\/09\/JG00901009.jpg\" data-caption-title=\"Fl\u00fcchtlingsager in Goma, Zaire (Lager Kibumba) am 19. 08.1994.\" data-attachment-id=\"657\" data-type=\"image\" class=\"fg-thumb\"><span class=\"fg-image-wrap\"><img decoding=\"async\" title=\"Fl\u00fcchtlingsager in Goma, Zaire (Lager Kibumba) am 19. 08.1994.\" width=\"150\" height=\"150\" class=\"skip-lazy fg-image\" data-src-fg=\"https:\/\/josegiribas.com\/wp-content\/uploads\/cache\/2016\/09\/JG00901009\/630011132.jpg\" src=\"data:image\/svg+xml,%3Csvg%20xmlns%3D%22http%3A%2F%2Fwww.w3.org%2F2000%2Fsvg%22%20width%3D%22150%22%20height%3D%22150%22%20viewBox%3D%220%200%20150%20150%22%3E%3C%2Fsvg%3E\" loading=\"eager\"><\/span><span class=\"fg-image-overlay\"><\/span><\/a><figcaption class=\"fg-caption\"><div class=\"fg-caption-inner\"><div class=\"fg-caption-title\">Fl\u00fcchtlingsager in Goma, Zaire (Lager Kibumba) am 19. 08.1994.<\/div><\/div><\/figcaption><\/figure><div class=\"fg-loader\"><\/div><\/div><div class=\"fg-item fg-type-image fg-idle\"><figure class=\"fg-item-inner\"><a href=\"https:\/\/josegiribas.com\/wp-content\/uploads\/2016\/09\/Flu\u0308chtlinge.jpg\" data-caption-title=\"Fl\u00fcchtlinge an der Grenze zwischen Cyangugu, Ruanda und Bukavu, Zaire (Grenz\u00fcbergang &quot;Ruzizi I&quot;) am 20. August 1994.\" data-attachment-id=\"656\" data-type=\"image\" class=\"fg-thumb\"><span class=\"fg-image-wrap\"><img decoding=\"async\" title=\"Fl\u00fcchtlinge an der Grenze zwischen Cyangugu, Ruanda und Bukavu, Zaire (Grenz\u00fcbergang &quot;Ruzizi I&quot;) am 20. August 1994.\" width=\"150\" height=\"150\" class=\"skip-lazy fg-image\" data-src-fg=\"https:\/\/josegiribas.com\/wp-content\/uploads\/cache\/2016\/09\/Flu\u0308chtlinge\/228158845.jpg\" src=\"data:image\/svg+xml,%3Csvg%20xmlns%3D%22http%3A%2F%2Fwww.w3.org%2F2000%2Fsvg%22%20width%3D%22150%22%20height%3D%22150%22%20viewBox%3D%220%200%20150%20150%22%3E%3C%2Fsvg%3E\" loading=\"eager\"><\/span><span class=\"fg-image-overlay\"><\/span><\/a><figcaption class=\"fg-caption\"><div class=\"fg-caption-inner\"><div class=\"fg-caption-title\">Fl\u00fcchtlinge an der Grenze zwischen Cyangugu, Ruanda und Bukavu, Zaire (Grenz\u00fcbergang \"Ruzizi I\") am 20. August 1994.<\/div><\/div><\/figcaption><\/figure><div class=\"fg-loader\"><\/div><\/div><div class=\"fg-item fg-type-image fg-idle\"><figure class=\"fg-item-inner\"><a href=\"https:\/\/josegiribas.com\/wp-content\/uploads\/2016\/09\/JG00901305.jpg\" data-caption-title=\"Im Krisengebiet w\u00e4hrend der Massenflucht der ruandischen Bev\u00f6lkerung nach Zaire. \r\nFl\u00fcchtlingskinder am Kivu See in der N\u00e4he des Fl\u00fcchtlingslagers am Grenz\u00fcbergang Ruzuzi I in Cyangugu, Ruanda am 22.08.1994\" data-attachment-id=\"658\" data-type=\"image\" class=\"fg-thumb\"><span class=\"fg-image-wrap\"><img decoding=\"async\" title=\"Im Krisengebiet w\u00e4hrend der Massenflucht der ruandischen Bev\u00f6lkerung nach Zaire. \r\nFl\u00fcchtlingskinder am Kivu See in der N\u00e4he des Fl\u00fcchtlingslagers am Grenz\u00fcbergang Ruzuzi I in Cyangugu, Ruanda am 22.08.1994\" width=\"150\" height=\"150\" class=\"skip-lazy fg-image\" data-src-fg=\"https:\/\/josegiribas.com\/wp-content\/uploads\/cache\/2016\/09\/JG00901305\/343276826.jpg\" src=\"data:image\/svg+xml,%3Csvg%20xmlns%3D%22http%3A%2F%2Fwww.w3.org%2F2000%2Fsvg%22%20width%3D%22150%22%20height%3D%22150%22%20viewBox%3D%220%200%20150%20150%22%3E%3C%2Fsvg%3E\" loading=\"eager\"><\/span><span class=\"fg-image-overlay\"><\/span><\/a><figcaption class=\"fg-caption\"><div class=\"fg-caption-inner\"><div class=\"fg-caption-title\">Im Krisengebiet w\u00e4hrend der Massenflucht der ruandischen Bev\u00f6lkerung nach Zaire. \r\nFl\u00fcchtlingskinder am Kivu See in der N\u00e4he des Fl\u00fcchtlingslagers am Grenz\u00fcbergang Ruzuzi I in Cyangugu, Ruanda am 22.08.1994<\/div><\/div><\/figcaption><\/figure><div class=\"fg-loader\"><\/div><\/div><div class=\"fg-item fg-type-image fg-idle\"><figure class=\"fg-item-inner\"><a href=\"https:\/\/josegiribas.com\/wp-content\/uploads\/2016\/09\/Ruanda3-1.jpg\" data-caption-title=\"Fl\u00fcchtlinge an der Grenze zwischen Cyangugu, Ruanda und Bukavu, Zaire (Grenz\u00fcbergang &quot;Ruzizi I&quot;) am 21.08.1994.\" data-attachment-id=\"555\" data-type=\"image\" class=\"fg-thumb\"><span class=\"fg-image-wrap\"><img decoding=\"async\" title=\"Fl\u00fcchtlinge an der Grenze zwischen Cyangugu, Ruanda und Bukavu, Zaire (Grenz\u00fcbergang &quot;Ruzizi I&quot;) am 21.08.1994.\" width=\"150\" height=\"150\" class=\"skip-lazy fg-image\" data-src-fg=\"https:\/\/josegiribas.com\/wp-content\/uploads\/cache\/2016\/09\/Ruanda3-1\/22157927.jpg\" src=\"data:image\/svg+xml,%3Csvg%20xmlns%3D%22http%3A%2F%2Fwww.w3.org%2F2000%2Fsvg%22%20width%3D%22150%22%20height%3D%22150%22%20viewBox%3D%220%200%20150%20150%22%3E%3C%2Fsvg%3E\" loading=\"eager\"><\/span><span class=\"fg-image-overlay\"><\/span><\/a><figcaption class=\"fg-caption\"><div class=\"fg-caption-inner\"><div class=\"fg-caption-title\">Fl\u00fcchtlinge an der Grenze zwischen Cyangugu, Ruanda und Bukavu, Zaire (Grenz\u00fcbergang \"Ruzizi I\") am 21.08.1994.<\/div><\/div><\/figcaption><\/figure><div class=\"fg-loader\"><\/div><\/div><div class=\"fg-item fg-type-image fg-idle\"><figure class=\"fg-item-inner\"><a href=\"https:\/\/josegiribas.com\/wp-content\/uploads\/2016\/09\/Ruanda-1.jpg\" data-caption-title=\"Fluechtlinge im Grenzgebiet zwischen Cyangugu, Ruanda und Bukavu, Zaire (Grenzuebergang &quot;Ruzizi I&quot;) am 21.081994.\" data-attachment-id=\"554\" data-type=\"image\" class=\"fg-thumb\"><span class=\"fg-image-wrap\"><img decoding=\"async\" title=\"Fluechtlinge im Grenzgebiet zwischen Cyangugu, Ruanda und Bukavu, Zaire (Grenzuebergang &quot;Ruzizi I&quot;) am 21.081994.\" width=\"150\" height=\"150\" class=\"skip-lazy fg-image\" data-src-fg=\"https:\/\/josegiribas.com\/wp-content\/uploads\/cache\/2016\/09\/Ruanda-1\/2883748768.jpg\" src=\"data:image\/svg+xml,%3Csvg%20xmlns%3D%22http%3A%2F%2Fwww.w3.org%2F2000%2Fsvg%22%20width%3D%22150%22%20height%3D%22150%22%20viewBox%3D%220%200%20150%20150%22%3E%3C%2Fsvg%3E\" loading=\"eager\"><\/span><span class=\"fg-image-overlay\"><\/span><\/a><figcaption class=\"fg-caption\"><div class=\"fg-caption-inner\"><div class=\"fg-caption-title\">Fluechtlinge im Grenzgebiet zwischen Cyangugu, Ruanda und Bukavu, Zaire (Grenzuebergang \"Ruzizi I\") am 21.081994.<\/div><\/div><\/figcaption><\/figure><div class=\"fg-loader\"><\/div><\/div><div class=\"fg-item fg-type-image fg-idle\"><figure class=\"fg-item-inner\"><a href=\"https:\/\/josegiribas.com\/wp-content\/uploads\/2016\/09\/JG00901313-1.jpg\" data-caption-title=\"Im Krisengebiet w\u00e4hrend der Massenflucht der ruandischen Bev\u00f6lkerung nach Zaire. \nFl\u00fcchtlingskind am Grenz\u00fcbergang Ruzuzi I in Cyangugu, Ruanda am 21.08.1994.\" data-attachment-id=\"553\" data-type=\"image\" class=\"fg-thumb\"><span class=\"fg-image-wrap\"><img decoding=\"async\" title=\"Im Krisengebiet w\u00e4hrend der Massenflucht der ruandischen Bev\u00f6lkerung nach Zaire. \nFl\u00fcchtlingskind am Grenz\u00fcbergang Ruzuzi I in Cyangugu, Ruanda am 21.08.1994.\" width=\"150\" height=\"150\" class=\"skip-lazy fg-image\" data-src-fg=\"https:\/\/josegiribas.com\/wp-content\/uploads\/cache\/2016\/09\/JG00901313-1\/3741927886.jpg\" src=\"data:image\/svg+xml,%3Csvg%20xmlns%3D%22http%3A%2F%2Fwww.w3.org%2F2000%2Fsvg%22%20width%3D%22150%22%20height%3D%22150%22%20viewBox%3D%220%200%20150%20150%22%3E%3C%2Fsvg%3E\" loading=\"eager\"><\/span><span class=\"fg-image-overlay\"><\/span><\/a><figcaption class=\"fg-caption\"><div class=\"fg-caption-inner\"><div class=\"fg-caption-title\">Im Krisengebiet w\u00e4hrend der Massenflucht der ruandischen Bev\u00f6lkerung nach Zaire. \nFl\u00fcchtlingskind am Grenz\u00fcbergang Ruzuzi I in Cyangugu, Ruanda am 21.08.1994.<\/div><\/div><\/figcaption><\/figure><div class=\"fg-loader\"><\/div><\/div><div class=\"fg-item fg-type-image fg-idle\"><figure class=\"fg-item-inner\"><a href=\"https:\/\/josegiribas.com\/wp-content\/uploads\/2016\/09\/JG00901311-1.jpg\" data-caption-title=\"Im Krisengebiet w\u00e4hrend der Massenflucht der ruandischen Bev\u00f6lkerung nach Zaire. \nFl\u00fcchtlinge am Grenz\u00fcbergang Ruzuzi I in Cyangugu, Ruanda am 21.08.1994\" data-attachment-id=\"552\" data-type=\"image\" class=\"fg-thumb\"><span class=\"fg-image-wrap\"><img decoding=\"async\" title=\"Im Krisengebiet w\u00e4hrend der Massenflucht der ruandischen Bev\u00f6lkerung nach Zaire. \nFl\u00fcchtlinge am Grenz\u00fcbergang Ruzuzi I in Cyangugu, Ruanda am 21.08.1994\" width=\"150\" height=\"150\" class=\"skip-lazy fg-image\" data-src-fg=\"https:\/\/josegiribas.com\/wp-content\/uploads\/cache\/2016\/09\/JG00901311-1\/2388028224.jpg\" src=\"data:image\/svg+xml,%3Csvg%20xmlns%3D%22http%3A%2F%2Fwww.w3.org%2F2000%2Fsvg%22%20width%3D%22150%22%20height%3D%22150%22%20viewBox%3D%220%200%20150%20150%22%3E%3C%2Fsvg%3E\" loading=\"eager\"><\/span><span class=\"fg-image-overlay\"><\/span><\/a><figcaption class=\"fg-caption\"><div class=\"fg-caption-inner\"><div class=\"fg-caption-title\">Im Krisengebiet w\u00e4hrend der Massenflucht der ruandischen Bev\u00f6lkerung nach Zaire. \nFl\u00fcchtlinge am Grenz\u00fcbergang Ruzuzi I in Cyangugu, Ruanda am 21.08.1994<\/div><\/div><\/figcaption><\/figure><div class=\"fg-loader\"><\/div><\/div><div class=\"fg-item fg-type-image fg-idle\"><figure class=\"fg-item-inner\"><a href=\"https:\/\/josegiribas.com\/wp-content\/uploads\/2016\/09\/JG00901043-1.jpg\" data-caption-title=\"Franz\u00f6sische Fremdenlegion\u00e4re kontrollieren die Grenze Ruzizi I in Cyangugu, Ruanda am 21.08.94.\" data-attachment-id=\"551\" data-type=\"image\" class=\"fg-thumb\"><span class=\"fg-image-wrap\"><img decoding=\"async\" title=\"Franz\u00f6sische Fremdenlegion\u00e4re kontrollieren die Grenze Ruzizi I in Cyangugu, Ruanda am 21.08.94.\" width=\"150\" height=\"150\" class=\"skip-lazy fg-image\" data-src-fg=\"https:\/\/josegiribas.com\/wp-content\/uploads\/cache\/2016\/09\/JG00901043-1\/1922421274.jpg\" src=\"data:image\/svg+xml,%3Csvg%20xmlns%3D%22http%3A%2F%2Fwww.w3.org%2F2000%2Fsvg%22%20width%3D%22150%22%20height%3D%22150%22%20viewBox%3D%220%200%20150%20150%22%3E%3C%2Fsvg%3E\" loading=\"eager\"><\/span><span class=\"fg-image-overlay\"><\/span><\/a><figcaption class=\"fg-caption\"><div class=\"fg-caption-inner\"><div class=\"fg-caption-title\">Franz\u00f6sische Fremdenlegion\u00e4re kontrollieren die Grenze Ruzizi I in Cyangugu, Ruanda am 21.08.94.<\/div><\/div><\/figcaption><\/figure><div class=\"fg-loader\"><\/div><\/div><div class=\"fg-item fg-type-image fg-idle\"><figure class=\"fg-item-inner\"><a href=\"https:\/\/josegiribas.com\/wp-content\/uploads\/2016\/09\/JG00901040-1.jpg\" data-caption-title=\"Im Krisengebiet w\u00e4hrend der Massenflucht der ruandischen Bev\u00f6lkerung nach Zaire. Grenz\u00fcbergang Ruzizi I in Cyangugu, Ruanda am 21.08.94.\nFranz\u00f6sischer Fremdenlegion\u00e4r und Fl\u00fcchtlinge.\" data-attachment-id=\"550\" data-type=\"image\" class=\"fg-thumb\"><span class=\"fg-image-wrap\"><img decoding=\"async\" title=\"Im Krisengebiet w\u00e4hrend der Massenflucht der ruandischen Bev\u00f6lkerung nach Zaire. Grenz\u00fcbergang Ruzizi I in Cyangugu, Ruanda am 21.08.94.\nFranz\u00f6sischer Fremdenlegion\u00e4r und Fl\u00fcchtlinge.\" width=\"150\" height=\"150\" class=\"skip-lazy fg-image\" data-src-fg=\"https:\/\/josegiribas.com\/wp-content\/uploads\/cache\/2016\/09\/JG00901040-1\/3423116202.jpg\" src=\"data:image\/svg+xml,%3Csvg%20xmlns%3D%22http%3A%2F%2Fwww.w3.org%2F2000%2Fsvg%22%20width%3D%22150%22%20height%3D%22150%22%20viewBox%3D%220%200%20150%20150%22%3E%3C%2Fsvg%3E\" loading=\"eager\"><\/span><span class=\"fg-image-overlay\"><\/span><\/a><figcaption class=\"fg-caption\"><div class=\"fg-caption-inner\"><div class=\"fg-caption-title\">Im Krisengebiet w\u00e4hrend der Massenflucht der ruandischen Bev\u00f6lkerung nach Zaire. Grenz\u00fcbergang Ruzizi I in Cyangugu, Ruanda am 21.08.94.\nFranz\u00f6sischer Fremdenlegion\u00e4r und Fl\u00fcchtlinge.<\/div><\/div><\/figcaption><\/figure><div class=\"fg-loader\"><\/div><\/div><div class=\"fg-item fg-type-image fg-idle\"><figure class=\"fg-item-inner\"><a href=\"https:\/\/josegiribas.com\/wp-content\/uploads\/2016\/09\/JG00901024-1.jpg\" data-caption-title=\"Ruanda, Cyangugu, 21.08.1994.\nFl\u00fcchtlingskinder im Grenzgebiet zwischen Cyangugu, Ruanda und Bukavu, Zaire (Grenz\u00fcbergang Ruzizi I) am 21. August 1994.\" data-attachment-id=\"549\" data-type=\"image\" class=\"fg-thumb\"><span class=\"fg-image-wrap\"><img decoding=\"async\" title=\"Ruanda, Cyangugu, 21.08.1994.\nFl\u00fcchtlingskinder im Grenzgebiet zwischen Cyangugu, Ruanda und Bukavu, Zaire (Grenz\u00fcbergang Ruzizi I) am 21. August 1994.\" width=\"150\" height=\"150\" class=\"skip-lazy fg-image\" data-src-fg=\"https:\/\/josegiribas.com\/wp-content\/uploads\/cache\/2016\/09\/JG00901024-1\/3926250687.jpg\" src=\"data:image\/svg+xml,%3Csvg%20xmlns%3D%22http%3A%2F%2Fwww.w3.org%2F2000%2Fsvg%22%20width%3D%22150%22%20height%3D%22150%22%20viewBox%3D%220%200%20150%20150%22%3E%3C%2Fsvg%3E\" loading=\"eager\"><\/span><span class=\"fg-image-overlay\"><\/span><\/a><figcaption class=\"fg-caption\"><div class=\"fg-caption-inner\"><div class=\"fg-caption-title\">Ruanda, Cyangugu, 21.08.1994.\nFl\u00fcchtlingskinder im Grenzgebiet zwischen Cyangugu, Ruanda und Bukavu, Zaire (Grenz\u00fcbergang Ruzizi I) am 21. August 1994.<\/div><\/div><\/figcaption><\/figure><div class=\"fg-loader\"><\/div><\/div><div class=\"fg-item fg-type-image fg-idle\"><figure class=\"fg-item-inner\"><a href=\"https:\/\/josegiribas.com\/wp-content\/uploads\/2016\/09\/JG00901020-1.jpg\" data-caption-title=\"Fl\u00fcchtlinge im Grenzgebiet zwischen Cyangugu, Ruanda und Bukavu, Zaire (Grenz\u00fcbergang Ruzizi I) am 21. August 1994.\" data-attachment-id=\"548\" data-type=\"image\" class=\"fg-thumb\"><span class=\"fg-image-wrap\"><img decoding=\"async\" title=\"Fl\u00fcchtlinge im Grenzgebiet zwischen Cyangugu, Ruanda und Bukavu, Zaire (Grenz\u00fcbergang Ruzizi I) am 21. August 1994.\" width=\"150\" height=\"150\" class=\"skip-lazy fg-image\" data-src-fg=\"https:\/\/josegiribas.com\/wp-content\/uploads\/cache\/2016\/09\/JG00901020-1\/3057944182.jpg\" src=\"data:image\/svg+xml,%3Csvg%20xmlns%3D%22http%3A%2F%2Fwww.w3.org%2F2000%2Fsvg%22%20width%3D%22150%22%20height%3D%22150%22%20viewBox%3D%220%200%20150%20150%22%3E%3C%2Fsvg%3E\" loading=\"eager\"><\/span><span class=\"fg-image-overlay\"><\/span><\/a><figcaption class=\"fg-caption\"><div class=\"fg-caption-inner\"><div class=\"fg-caption-title\">Fl\u00fcchtlinge im Grenzgebiet zwischen Cyangugu, Ruanda und Bukavu, Zaire (Grenz\u00fcbergang Ruzizi I) am 21. August 1994.<\/div><\/div><\/figcaption><\/figure><div class=\"fg-loader\"><\/div><\/div><div class=\"fg-item fg-type-image fg-idle\"><figure class=\"fg-item-inner\"><a href=\"https:\/\/josegiribas.com\/wp-content\/uploads\/2016\/09\/JG00901017-1.jpg\" data-caption-title=\"Fl\u00fcchtlinge im Grenzgebiet zwischen Cyangugu, Ruanda und Bukavu, Zaire (Grenz\u00fcbergang Ruzizi I) am 20. August 1994.\" data-attachment-id=\"547\" data-type=\"image\" class=\"fg-thumb\"><span class=\"fg-image-wrap\"><img decoding=\"async\" title=\"Fl\u00fcchtlinge im Grenzgebiet zwischen Cyangugu, Ruanda und Bukavu, Zaire (Grenz\u00fcbergang Ruzizi I) am 20. August 1994.\" width=\"150\" height=\"150\" class=\"skip-lazy fg-image\" data-src-fg=\"https:\/\/josegiribas.com\/wp-content\/uploads\/cache\/2016\/09\/JG00901017-1\/2124136205.jpg\" src=\"data:image\/svg+xml,%3Csvg%20xmlns%3D%22http%3A%2F%2Fwww.w3.org%2F2000%2Fsvg%22%20width%3D%22150%22%20height%3D%22150%22%20viewBox%3D%220%200%20150%20150%22%3E%3C%2Fsvg%3E\" loading=\"eager\"><\/span><span class=\"fg-image-overlay\"><\/span><\/a><figcaption class=\"fg-caption\"><div class=\"fg-caption-inner\"><div class=\"fg-caption-title\">Fl\u00fcchtlinge im Grenzgebiet zwischen Cyangugu, Ruanda und Bukavu, Zaire (Grenz\u00fcbergang Ruzizi I) am 20. August 1994.<\/div><\/div><\/figcaption><\/figure><div class=\"fg-loader\"><\/div><\/div><div class=\"fg-item fg-type-image fg-idle\"><figure class=\"fg-item-inner\"><a href=\"https:\/\/josegiribas.com\/wp-content\/uploads\/2016\/09\/JG00901013-1.jpg\" data-caption-title=\"Care-Deutschland Einsatz in Goma, Zaire (Lager Kibumba) am 19. August 1994.\" data-attachment-id=\"546\" data-type=\"image\" class=\"fg-thumb\"><span class=\"fg-image-wrap\"><img decoding=\"async\" title=\"Care-Deutschland Einsatz in Goma, Zaire (Lager Kibumba) am 19. August 1994.\" width=\"150\" height=\"150\" class=\"skip-lazy fg-image\" data-src-fg=\"https:\/\/josegiribas.com\/wp-content\/uploads\/cache\/2016\/09\/JG00901013-1\/584773060.jpg\" src=\"data:image\/svg+xml,%3Csvg%20xmlns%3D%22http%3A%2F%2Fwww.w3.org%2F2000%2Fsvg%22%20width%3D%22150%22%20height%3D%22150%22%20viewBox%3D%220%200%20150%20150%22%3E%3C%2Fsvg%3E\" loading=\"eager\"><\/span><span class=\"fg-image-overlay\"><\/span><\/a><figcaption class=\"fg-caption\"><div class=\"fg-caption-inner\"><div class=\"fg-caption-title\">Care-Deutschland Einsatz in Goma, Zaire (Lager Kibumba) am 19. August 1994.<\/div><\/div><\/figcaption><\/figure><div class=\"fg-loader\"><\/div><\/div><\/div>\n\n","protected":false},"excerpt":{"rendered":"","protected":false},"author":1,"featured_media":0,"parent":587,"menu_order":0,"comment_status":"closed","ping_status":"closed","template":"","meta":{"footnotes":""},"class_list":["post-607","page","type-page","status-publish","hentry","no-post-thumbnail","post-grid-3-col","entry"],"translation":{"provider":"WPGlobus","version":"3.0.2","language":"es","enabled_languages":["de","es"],"languages":{"de":{"title":true,"content":true,"excerpt":false},"es":{"title":false,"content":false,"excerpt":false}}},"_links":{"self":[{"href":"https:\/\/josegiribas.com\/es\/wp-json\/wp\/v2\/pages\/607","targetHints":{"allow":["GET"]}}],"collection":[{"href":"https:\/\/josegiribas.com\/es\/wp-json\/wp\/v2\/pages"}],"about":[{"href":"https:\/\/josegiribas.com\/es\/wp-json\/wp\/v2\/types\/page"}],"author":[{"embeddable":true,"href":"https:\/\/josegiribas.com\/es\/wp-json\/wp\/v2\/users\/1"}],"replies":[{"embeddable":true,"href":"https:\/\/josegiribas.com\/es\/wp-json\/wp\/v2\/comments?post=607"}],"version-history":[{"count":1,"href":"https:\/\/josegiribas.com\/es\/wp-json\/wp\/v2\/pages\/607\/revisions"}],"predecessor-version":[{"id":608,"href":"https:\/\/josegiribas.com\/es\/wp-json\/wp\/v2\/pages\/607\/revisions\/608"}],"up":[{"embeddable":true,"href":"https:\/\/josegiribas.com\/es\/wp-json\/wp\/v2\/pages\/587"}],"wp:attachment":[{"href":"https:\/\/josegiribas.com\/es\/wp-json\/wp\/v2\/media?parent=607"}],"curies":[{"name":"wp","href":"https:\/\/api.w.org\/{rel}","templated":true}]}}