{"id":218,"date":"2016-09-06T14:42:29","date_gmt":"2016-09-06T14:42:29","guid":{"rendered":"http:\/\/josegiribas.com\/?page_id=218"},"modified":"2017-01-07T12:01:36","modified_gmt":"2017-01-07T12:01:36","slug":"ddr","status":"publish","type":"page","link":"https:\/\/josegiribas.com\/es\/geschichte\/ddr\/","title":{"rendered":"RDA"},"content":{"rendered":"<style type=\"text\/css\">\n#foogallery-gallery-528 .fg-image { width: 150px; }\n#foogallery-gallery-528 { --fg-gutter: 10px; }<\/style>\n\t\t\t<div class=\"foogallery foogallery-container foogallery-default foogallery-lightbox-foobox-free fg-center fg-default fg-ready fg-light fg-border-thin fg-shadow-small fg-loading-default fg-loaded-fade-in fg-hover-fade fg-hover-zoom\" id=\"foogallery-gallery-528\" data-foogallery=\"{&quot;item&quot;:{&quot;showCaptionTitle&quot;:true,&quot;showCaptionDescription&quot;:false},&quot;lazy&quot;:true}\" style=\"--fg-title-line-clamp: 0; --fg-description-line-clamp: 0;\" >\n\t<div class=\"fg-item fg-type-image fg-idle\"><figure class=\"fg-item-inner\"><a href=\"https:\/\/josegiribas.com\/wp-content\/uploads\/2016\/09\/JG90102032-1.jpg\" data-caption-title=\"DDR, Berlin, 20.10.1990.\r\nLeninplatz mit Lenin-Denkmal im Ostberliner-Bezirk Friedrichhain am 20.10.1990.\" data-attachment-id=\"512\" data-type=\"image\" class=\"fg-thumb\"><span class=\"fg-image-wrap\"><img decoding=\"async\" title=\"DDR, Berlin, 20.10.1990.\r\nLeninplatz mit Lenin-Denkmal im Ostberliner-Bezirk Friedrichhain am 20.10.1990.\" width=\"150\" height=\"150\" class=\"skip-lazy fg-image\" data-src-fg=\"https:\/\/josegiribas.com\/wp-content\/uploads\/cache\/2016\/09\/JG90102032-1\/2268272820.jpg\" src=\"data:image\/svg+xml,%3Csvg%20xmlns%3D%22http%3A%2F%2Fwww.w3.org%2F2000%2Fsvg%22%20width%3D%22150%22%20height%3D%22150%22%20viewBox%3D%220%200%20150%20150%22%3E%3C%2Fsvg%3E\" loading=\"eager\"><\/span><span class=\"fg-image-overlay\"><\/span><\/a><figcaption class=\"fg-caption\"><div class=\"fg-caption-inner\"><div class=\"fg-caption-title\">DDR, Berlin, 20.10.1990.\r\nLeninplatz mit Lenin-Denkmal im Ostberliner-Bezirk Friedrichhain am 20.10.1990.<\/div><\/div><\/figcaption><\/figure><div class=\"fg-loader\"><\/div><\/div><div class=\"fg-item fg-type-image fg-idle\"><figure class=\"fg-item-inner\"><a href=\"https:\/\/josegiribas.com\/wp-content\/uploads\/2016\/09\/JG90030147-1.jpg\" data-caption-title=\"Der Palast der Republik, Sitz der Volkskammer der DDR in Berlin-Mitte am 25.03.1990.\" data-attachment-id=\"511\" data-type=\"image\" class=\"fg-thumb\"><span class=\"fg-image-wrap\"><img decoding=\"async\" title=\"Der Palast der Republik, Sitz der Volkskammer der DDR in Berlin-Mitte am 25.03.1990.\" width=\"150\" height=\"150\" class=\"skip-lazy fg-image\" data-src-fg=\"https:\/\/josegiribas.com\/wp-content\/uploads\/cache\/2016\/09\/JG90030147-1\/2294142641.jpg\" src=\"data:image\/svg+xml,%3Csvg%20xmlns%3D%22http%3A%2F%2Fwww.w3.org%2F2000%2Fsvg%22%20width%3D%22150%22%20height%3D%22150%22%20viewBox%3D%220%200%20150%20150%22%3E%3C%2Fsvg%3E\" loading=\"eager\"><\/span><span class=\"fg-image-overlay\"><\/span><\/a><figcaption class=\"fg-caption\"><div class=\"fg-caption-inner\"><div class=\"fg-caption-title\">Der Palast der Republik, Sitz der Volkskammer der DDR in Berlin-Mitte am 25.03.1990.<\/div><\/div><\/figcaption><\/figure><div class=\"fg-loader\"><\/div><\/div><div class=\"fg-item fg-type-image fg-idle\"><figure class=\"fg-item-inner\"><a href=\"https:\/\/josegiribas.com\/wp-content\/uploads\/2016\/09\/JG89110177-1.jpg\" data-caption-title=\"Demonstration organiziert von Theater- und Kulturschaffenden zu Durchsetzung der Paragraphen 27 und 28 der Verfassung der DDR auf dem Alexanderplatz am 04.11.1989.\r\nMarkus Johannes Wolf (Mischa), ehemaliger Leiter der Hauptverwaltung Aufkl\u00e4rung (HVA) im Ministerium fuer Staatssicherheit der DDR.\" data-attachment-id=\"510\" data-type=\"image\" class=\"fg-thumb\"><span class=\"fg-image-wrap\"><img decoding=\"async\" title=\"Demonstration organiziert von Theater- und Kulturschaffenden zu Durchsetzung der Paragraphen 27 und 28 der Verfassung der DDR auf dem Alexanderplatz am 04.11.1989.\r\nMarkus Johannes Wolf (Mischa), ehemaliger Leiter der Hauptverwaltung Aufkl\u00e4rung (HVA) im Ministerium fuer Staatssicherheit der DDR.\" width=\"150\" height=\"150\" class=\"skip-lazy fg-image\" data-src-fg=\"https:\/\/josegiribas.com\/wp-content\/uploads\/cache\/2016\/09\/JG89110177-1\/1186830555.jpg\" src=\"data:image\/svg+xml,%3Csvg%20xmlns%3D%22http%3A%2F%2Fwww.w3.org%2F2000%2Fsvg%22%20width%3D%22150%22%20height%3D%22150%22%20viewBox%3D%220%200%20150%20150%22%3E%3C%2Fsvg%3E\" loading=\"eager\"><\/span><span class=\"fg-image-overlay\"><\/span><\/a><figcaption class=\"fg-caption\"><div class=\"fg-caption-inner\"><div class=\"fg-caption-title\">Demonstration organiziert von Theater- und Kulturschaffenden zu Durchsetzung der Paragraphen 27 und 28 der Verfassung der DDR auf dem Alexanderplatz am 04.11.1989.\r\nMarkus Johannes Wolf (Mischa), ehemaliger Leiter der Hauptverwaltung Aufkl\u00e4rung (HVA) im Ministerium fuer Staatssicherheit der DDR.<\/div><\/div><\/figcaption><\/figure><div class=\"fg-loader\"><\/div><\/div><div class=\"fg-item fg-type-image fg-idle\"><figure class=\"fg-item-inner\"><a href=\"https:\/\/josegiribas.com\/wp-content\/uploads\/2016\/09\/JG89110107.jpg\" data-caption-title=\"Die ersten Teile der Mauer werden von B\u00fcrgern in der N\u00e4he des Brandenburger Tors abgerissen, gegen Mitternacht am 09.11.1989.\" data-attachment-id=\"509\" data-type=\"image\" class=\"fg-thumb\"><span class=\"fg-image-wrap\"><img decoding=\"async\" title=\"Die ersten Teile der Mauer werden von B\u00fcrgern in der N\u00e4he des Brandenburger Tors abgerissen, gegen Mitternacht am 09.11.1989.\" width=\"150\" height=\"150\" class=\"skip-lazy fg-image\" data-src-fg=\"https:\/\/josegiribas.com\/wp-content\/uploads\/cache\/2016\/09\/JG89110107\/3150130205.jpg\" src=\"data:image\/svg+xml,%3Csvg%20xmlns%3D%22http%3A%2F%2Fwww.w3.org%2F2000%2Fsvg%22%20width%3D%22150%22%20height%3D%22150%22%20viewBox%3D%220%200%20150%20150%22%3E%3C%2Fsvg%3E\" loading=\"eager\"><\/span><span class=\"fg-image-overlay\"><\/span><\/a><figcaption class=\"fg-caption\"><div class=\"fg-caption-inner\"><div class=\"fg-caption-title\">Die ersten Teile der Mauer werden von B\u00fcrgern in der N\u00e4he des Brandenburger Tors abgerissen, gegen Mitternacht am 09.11.1989.<\/div><\/div><\/figcaption><\/figure><div class=\"fg-loader\"><\/div><\/div><div class=\"fg-item fg-type-image fg-idle\"><figure class=\"fg-item-inner\"><a href=\"https:\/\/josegiribas.com\/wp-content\/uploads\/2016\/09\/JG89110104-1.jpg\" data-caption-title=\"Die Mauer wird von B\u00fcrgern in der N\u00e4he des Brandenburger Tors erobert, gegen Mitternacht am 09.11.1989.\" data-attachment-id=\"508\" data-type=\"image\" class=\"fg-thumb\"><span class=\"fg-image-wrap\"><img decoding=\"async\" title=\"Die Mauer wird von B\u00fcrgern in der N\u00e4he des Brandenburger Tors erobert, gegen Mitternacht am 09.11.1989.\" width=\"150\" height=\"150\" class=\"skip-lazy fg-image\" data-src-fg=\"https:\/\/josegiribas.com\/wp-content\/uploads\/cache\/2016\/09\/JG89110104-1\/373875140.jpg\" src=\"data:image\/svg+xml,%3Csvg%20xmlns%3D%22http%3A%2F%2Fwww.w3.org%2F2000%2Fsvg%22%20width%3D%22150%22%20height%3D%22150%22%20viewBox%3D%220%200%20150%20150%22%3E%3C%2Fsvg%3E\" loading=\"eager\"><\/span><span class=\"fg-image-overlay\"><\/span><\/a><figcaption class=\"fg-caption\"><div class=\"fg-caption-inner\"><div class=\"fg-caption-title\">Die Mauer wird von B\u00fcrgern in der N\u00e4he des Brandenburger Tors erobert, gegen Mitternacht am 09.11.1989.<\/div><\/div><\/figcaption><\/figure><div class=\"fg-loader\"><\/div><\/div><div class=\"fg-item fg-type-image fg-idle\"><figure class=\"fg-item-inner\"><a href=\"https:\/\/josegiribas.com\/wp-content\/uploads\/2016\/09\/JG89110084-1.jpg\" data-caption-title=\"Die historische Pressekonferenz nach der Sitzung des ZK der SED mit G\u00fcnter Schabowski, Sekret\u00e4r Bezirksleitung Berlin der SED, im Internationalen Pressezentum (IPZ) in der Ostberliner Mohrenstra\u00dfe 38 am 09.11.1989.\r\nG\u00fcnter Schabowski nach der Verk\u00fcndung der Grenz\u00f6ffnung.\" data-attachment-id=\"507\" data-type=\"image\" class=\"fg-thumb\"><span class=\"fg-image-wrap\"><img decoding=\"async\" title=\"Die historische Pressekonferenz nach der Sitzung des ZK der SED mit G\u00fcnter Schabowski, Sekret\u00e4r Bezirksleitung Berlin der SED, im Internationalen Pressezentum (IPZ) in der Ostberliner Mohrenstra\u00dfe 38 am 09.11.1989.\r\nG\u00fcnter Schabowski nach der Verk\u00fcndung der Grenz\u00f6ffnung.\" width=\"150\" height=\"150\" class=\"skip-lazy fg-image\" data-src-fg=\"https:\/\/josegiribas.com\/wp-content\/uploads\/cache\/2016\/09\/JG89110084-1\/2228160749.jpg\" src=\"data:image\/svg+xml,%3Csvg%20xmlns%3D%22http%3A%2F%2Fwww.w3.org%2F2000%2Fsvg%22%20width%3D%22150%22%20height%3D%22150%22%20viewBox%3D%220%200%20150%20150%22%3E%3C%2Fsvg%3E\" loading=\"eager\"><\/span><span class=\"fg-image-overlay\"><\/span><\/a><figcaption class=\"fg-caption\"><div class=\"fg-caption-inner\"><div class=\"fg-caption-title\">Die historische Pressekonferenz nach der Sitzung des ZK der SED mit G\u00fcnter Schabowski, Sekret\u00e4r Bezirksleitung Berlin der SED, im Internationalen Pressezentum (IPZ) in der Ostberliner Mohrenstra\u00dfe 38 am 09.11.1989.\r\nG\u00fcnter Schabowski nach der Verk\u00fcndung der Grenz\u00f6ffnung.<\/div><\/div><\/figcaption><\/figure><div class=\"fg-loader\"><\/div><\/div><div class=\"fg-item fg-type-image fg-idle\"><figure class=\"fg-item-inner\"><a href=\"https:\/\/josegiribas.com\/wp-content\/uploads\/2016\/09\/JG89101376-1.jpg\" data-caption-title=\"DDR, Berlin, 07.10.1989.\r\nDie Regierungsriege mit Erich Honeckerin der Mitte.\" data-attachment-id=\"506\" data-type=\"image\" class=\"fg-thumb\"><span class=\"fg-image-wrap\"><img decoding=\"async\" title=\"DDR, Berlin, 07.10.1989.\r\nDie Regierungsriege mit Erich Honeckerin der Mitte.\" width=\"150\" height=\"150\" class=\"skip-lazy fg-image\" data-src-fg=\"https:\/\/josegiribas.com\/wp-content\/uploads\/cache\/2016\/09\/JG89101376-1\/1903113382.jpg\" src=\"data:image\/svg+xml,%3Csvg%20xmlns%3D%22http%3A%2F%2Fwww.w3.org%2F2000%2Fsvg%22%20width%3D%22150%22%20height%3D%22150%22%20viewBox%3D%220%200%20150%20150%22%3E%3C%2Fsvg%3E\" loading=\"eager\"><\/span><span class=\"fg-image-overlay\"><\/span><\/a><figcaption class=\"fg-caption\"><div class=\"fg-caption-inner\"><div class=\"fg-caption-title\">DDR, Berlin, 07.10.1989.\r\nDie Regierungsriege mit Erich Honeckerin der Mitte.<\/div><\/div><\/figcaption><\/figure><div class=\"fg-loader\"><\/div><\/div><div class=\"fg-item fg-type-image fg-idle\"><figure class=\"fg-item-inner\"><a href=\"https:\/\/josegiribas.com\/wp-content\/uploads\/2016\/09\/JG89050004-1.jpg\" data-caption-title=\"Erich Honecker, Staatsratsvorsitzender und Generalsekret\u00e4r der SED bei der Parade zum 01. Mai 1989 in Ot-Berlin. Links im Bild: Willi Stoph, Vorsitzender des Ministerrrates und stellv. Vorsitzender des Staatsrates.\" data-attachment-id=\"504\" data-type=\"image\" class=\"fg-thumb\"><span class=\"fg-image-wrap\"><img decoding=\"async\" title=\"Erich Honecker, Staatsratsvorsitzender und Generalsekret\u00e4r der SED bei der Parade zum 01. Mai 1989 in Ot-Berlin. Links im Bild: Willi Stoph, Vorsitzender des Ministerrrates und stellv. Vorsitzender des Staatsrates.\" width=\"150\" height=\"150\" class=\"skip-lazy fg-image\" data-src-fg=\"https:\/\/josegiribas.com\/wp-content\/uploads\/cache\/2016\/09\/JG89050004-1\/1621404302.jpg\" src=\"data:image\/svg+xml,%3Csvg%20xmlns%3D%22http%3A%2F%2Fwww.w3.org%2F2000%2Fsvg%22%20width%3D%22150%22%20height%3D%22150%22%20viewBox%3D%220%200%20150%20150%22%3E%3C%2Fsvg%3E\" loading=\"eager\"><\/span><span class=\"fg-image-overlay\"><\/span><\/a><figcaption class=\"fg-caption\"><div class=\"fg-caption-inner\"><div class=\"fg-caption-title\">Erich Honecker, Staatsratsvorsitzender und Generalsekret\u00e4r der SED bei der Parade zum 01. Mai 1989 in Ot-Berlin. Links im Bild: Willi Stoph, Vorsitzender des Ministerrrates und stellv. Vorsitzender des Staatsrates.<\/div><\/div><\/figcaption><\/figure><div class=\"fg-loader\"><\/div><\/div><div class=\"fg-item fg-type-image fg-idle\"><figure class=\"fg-item-inner\"><a href=\"https:\/\/josegiribas.com\/wp-content\/uploads\/2016\/09\/JG89050002-1.jpg\" data-caption-title=\"Die DDR F\u00fchrung bei der Parade zum 01.05.1989 in Ost-Berlin. Bildmitte: Erich Honecker, Staatsratsvorsitzender und Generalsekret\u00e4r der SED.\" data-attachment-id=\"503\" data-type=\"image\" class=\"fg-thumb\"><span class=\"fg-image-wrap\"><img decoding=\"async\" title=\"Die DDR F\u00fchrung bei der Parade zum 01.05.1989 in Ost-Berlin. Bildmitte: Erich Honecker, Staatsratsvorsitzender und Generalsekret\u00e4r der SED.\" width=\"150\" height=\"150\" class=\"skip-lazy fg-image\" data-src-fg=\"https:\/\/josegiribas.com\/wp-content\/uploads\/cache\/2016\/09\/JG89050002-1\/513737105.jpg\" src=\"data:image\/svg+xml,%3Csvg%20xmlns%3D%22http%3A%2F%2Fwww.w3.org%2F2000%2Fsvg%22%20width%3D%22150%22%20height%3D%22150%22%20viewBox%3D%220%200%20150%20150%22%3E%3C%2Fsvg%3E\" loading=\"eager\"><\/span><span class=\"fg-image-overlay\"><\/span><\/a><figcaption class=\"fg-caption\"><div class=\"fg-caption-inner\"><div class=\"fg-caption-title\">Die DDR F\u00fchrung bei der Parade zum 01.05.1989 in Ost-Berlin. Bildmitte: Erich Honecker, Staatsratsvorsitzender und Generalsekret\u00e4r der SED.<\/div><\/div><\/figcaption><\/figure><div class=\"fg-loader\"><\/div><\/div><div class=\"fg-item fg-type-image fg-idle\"><figure class=\"fg-item-inner\"><a href=\"https:\/\/josegiribas.com\/wp-content\/uploads\/2016\/09\/JG88070014-1.jpg\" data-caption-title=\"Flucht \u00fcber die Mauer nach Ost-Berlin W\u00e4hrend der R\u00e4umung des Lenne Dreiecks am 01.07.1988 in Berlin-Ost.\r\nDie West-Fl\u00fcchtlinge werden mit einem Fr\u00fchst\u00fcck von Beamten der DDR-Grenztruppen empfangen.\" data-attachment-id=\"502\" data-type=\"image\" class=\"fg-thumb\"><span class=\"fg-image-wrap\"><img decoding=\"async\" title=\"Flucht \u00fcber die Mauer nach Ost-Berlin W\u00e4hrend der R\u00e4umung des Lenne Dreiecks am 01.07.1988 in Berlin-Ost.\r\nDie West-Fl\u00fcchtlinge werden mit einem Fr\u00fchst\u00fcck von Beamten der DDR-Grenztruppen empfangen.\" width=\"150\" height=\"150\" class=\"skip-lazy fg-image\" data-src-fg=\"https:\/\/josegiribas.com\/wp-content\/uploads\/cache\/2016\/09\/JG88070014-1\/3366128025.jpg\" src=\"data:image\/svg+xml,%3Csvg%20xmlns%3D%22http%3A%2F%2Fwww.w3.org%2F2000%2Fsvg%22%20width%3D%22150%22%20height%3D%22150%22%20viewBox%3D%220%200%20150%20150%22%3E%3C%2Fsvg%3E\" loading=\"eager\"><\/span><span class=\"fg-image-overlay\"><\/span><\/a><figcaption class=\"fg-caption\"><div class=\"fg-caption-inner\"><div class=\"fg-caption-title\">Flucht \u00fcber die Mauer nach Ost-Berlin W\u00e4hrend der R\u00e4umung des Lenne Dreiecks am 01.07.1988 in Berlin-Ost.\r\nDie West-Fl\u00fcchtlinge werden mit einem Fr\u00fchst\u00fcck von Beamten der DDR-Grenztruppen empfangen.<\/div><\/div><\/figcaption><\/figure><div class=\"fg-loader\"><\/div><\/div><div class=\"fg-item fg-type-image fg-idle\"><figure class=\"fg-item-inner\"><a href=\"https:\/\/josegiribas.com\/wp-content\/uploads\/2016\/09\/JG88070008-1.jpg\" data-caption-title=\"Flucht ueber die Mauer nach Ost-Berlin Waehrend der Raeumung des Lenne Dreiecks am 01.07.1988 in Ost-Berlin.\rWest-Fluechtlinge auf LKWs der DDR-Grenztruppen.\" data-attachment-id=\"501\" data-type=\"image\" class=\"fg-thumb\"><span class=\"fg-image-wrap\"><img decoding=\"async\" title=\"Flucht ueber die Mauer nach Ost-Berlin Waehrend der Raeumung des Lenne Dreiecks am 01.07.1988 in Ost-Berlin.\rWest-Fluechtlinge auf LKWs der DDR-Grenztruppen.\" width=\"150\" height=\"150\" class=\"skip-lazy fg-image\" data-src-fg=\"https:\/\/josegiribas.com\/wp-content\/uploads\/cache\/2016\/09\/JG88070008-1\/3991806210.jpg\" src=\"data:image\/svg+xml,%3Csvg%20xmlns%3D%22http%3A%2F%2Fwww.w3.org%2F2000%2Fsvg%22%20width%3D%22150%22%20height%3D%22150%22%20viewBox%3D%220%200%20150%20150%22%3E%3C%2Fsvg%3E\" loading=\"eager\"><\/span><span class=\"fg-image-overlay\"><\/span><\/a><figcaption class=\"fg-caption\"><div class=\"fg-caption-inner\"><div class=\"fg-caption-title\">Flucht ueber die Mauer nach Ost-Berlin Waehrend der Raeumung des Lenne Dreiecks am 01.07.1988 in Ost-Berlin.\rWest-Fluechtlinge auf LKWs der DDR-Grenztruppen.<\/div><\/div><\/figcaption><\/figure><div class=\"fg-loader\"><\/div><\/div><div class=\"fg-item fg-type-image fg-idle\"><figure class=\"fg-item-inner\"><a href=\"https:\/\/josegiribas.com\/wp-content\/uploads\/2016\/09\/JG88070007-1.jpg\" data-caption-title=\"Flucht \u00fcber die Mauer nach Ost-Berlin W\u00e4hrend der R\u00e4umung des Lenne Dreiecks am 01.07.1988 in Berlin-West.\" data-attachment-id=\"500\" data-type=\"image\" class=\"fg-thumb\"><span class=\"fg-image-wrap\"><img decoding=\"async\" title=\"Flucht \u00fcber die Mauer nach Ost-Berlin W\u00e4hrend der R\u00e4umung des Lenne Dreiecks am 01.07.1988 in Berlin-West.\" width=\"150\" height=\"150\" class=\"skip-lazy fg-image\" data-src-fg=\"https:\/\/josegiribas.com\/wp-content\/uploads\/cache\/2016\/09\/JG88070007-1\/1229948988.jpg\" src=\"data:image\/svg+xml,%3Csvg%20xmlns%3D%22http%3A%2F%2Fwww.w3.org%2F2000%2Fsvg%22%20width%3D%22150%22%20height%3D%22150%22%20viewBox%3D%220%200%20150%20150%22%3E%3C%2Fsvg%3E\" loading=\"eager\"><\/span><span class=\"fg-image-overlay\"><\/span><\/a><figcaption class=\"fg-caption\"><div class=\"fg-caption-inner\"><div class=\"fg-caption-title\">Flucht \u00fcber die Mauer nach Ost-Berlin W\u00e4hrend der R\u00e4umung des Lenne Dreiecks am 01.07.1988 in Berlin-West.<\/div><\/div><\/figcaption><\/figure><div class=\"fg-loader\"><\/div><\/div><div class=\"fg-item fg-type-image fg-idle\"><figure class=\"fg-item-inner\"><a href=\"https:\/\/josegiribas.com\/wp-content\/uploads\/2016\/09\/JG87060101-1.jpg\" data-caption-title=\"Besuch des US Pr\u00e4sidenten Ronald Reagan in Berlin.\r\nRede am Brandenburger Tor am 12.06.1987.\" data-attachment-id=\"499\" data-type=\"image\" class=\"fg-thumb\"><span class=\"fg-image-wrap\"><img decoding=\"async\" title=\"Besuch des US Pr\u00e4sidenten Ronald Reagan in Berlin.\r\nRede am Brandenburger Tor am 12.06.1987.\" width=\"150\" height=\"150\" class=\"skip-lazy fg-image\" data-src-fg=\"https:\/\/josegiribas.com\/wp-content\/uploads\/cache\/2016\/09\/JG87060101-1\/1801478262.jpg\" src=\"data:image\/svg+xml,%3Csvg%20xmlns%3D%22http%3A%2F%2Fwww.w3.org%2F2000%2Fsvg%22%20width%3D%22150%22%20height%3D%22150%22%20viewBox%3D%220%200%20150%20150%22%3E%3C%2Fsvg%3E\" loading=\"eager\"><\/span><span class=\"fg-image-overlay\"><\/span><\/a><figcaption class=\"fg-caption\"><div class=\"fg-caption-inner\"><div class=\"fg-caption-title\">Besuch des US Pr\u00e4sidenten Ronald Reagan in Berlin.\r\nRede am Brandenburger Tor am 12.06.1987.<\/div><\/div><\/figcaption><\/figure><div class=\"fg-loader\"><\/div><\/div><div class=\"fg-item fg-type-image fg-idle\"><figure class=\"fg-item-inner\"><a href=\"https:\/\/josegiribas.com\/wp-content\/uploads\/2016\/09\/JG00901256-1.jpg\" data-caption-title=\"Ofizieller Staatsakt zum 40. Jahrestag der DDR im Palast der Republik am 06.10.1989.\" data-attachment-id=\"498\" data-type=\"image\" class=\"fg-thumb\"><span class=\"fg-image-wrap\"><img decoding=\"async\" title=\"Ofizieller Staatsakt zum 40. Jahrestag der DDR im Palast der Republik am 06.10.1989.\" width=\"150\" height=\"150\" class=\"skip-lazy fg-image\" data-src-fg=\"https:\/\/josegiribas.com\/wp-content\/uploads\/cache\/2016\/09\/JG00901256-1\/2450572729.jpg\" src=\"data:image\/svg+xml,%3Csvg%20xmlns%3D%22http%3A%2F%2Fwww.w3.org%2F2000%2Fsvg%22%20width%3D%22150%22%20height%3D%22150%22%20viewBox%3D%220%200%20150%20150%22%3E%3C%2Fsvg%3E\" loading=\"eager\"><\/span><span class=\"fg-image-overlay\"><\/span><\/a><figcaption class=\"fg-caption\"><div class=\"fg-caption-inner\"><div class=\"fg-caption-title\">Ofizieller Staatsakt zum 40. Jahrestag der DDR im Palast der Republik am 06.10.1989.<\/div><\/div><\/figcaption><\/figure><div class=\"fg-loader\"><\/div><\/div><div class=\"fg-item fg-type-image fg-idle\"><figure class=\"fg-item-inner\"><a href=\"https:\/\/josegiribas.com\/wp-content\/uploads\/2016\/09\/JG00901041-1.jpg\" data-caption-title=\"\u00d6ffnung der Mauer am Potsdamer Platz am 12. November 1989.\" data-attachment-id=\"497\" data-type=\"image\" class=\"fg-thumb\"><span class=\"fg-image-wrap\"><img decoding=\"async\" title=\"\u00d6ffnung der Mauer am Potsdamer Platz am 12. November 1989.\" width=\"150\" height=\"150\" class=\"skip-lazy fg-image\" data-src-fg=\"https:\/\/josegiribas.com\/wp-content\/uploads\/cache\/2016\/09\/JG00901041-1\/4002995100.jpg\" src=\"data:image\/svg+xml,%3Csvg%20xmlns%3D%22http%3A%2F%2Fwww.w3.org%2F2000%2Fsvg%22%20width%3D%22150%22%20height%3D%22150%22%20viewBox%3D%220%200%20150%20150%22%3E%3C%2Fsvg%3E\" loading=\"eager\"><\/span><span class=\"fg-image-overlay\"><\/span><\/a><figcaption class=\"fg-caption\"><div class=\"fg-caption-inner\"><div class=\"fg-caption-title\">\u00d6ffnung der Mauer am Potsdamer Platz am 12. November 1989.<\/div><\/div><\/figcaption><\/figure><div class=\"fg-loader\"><\/div><\/div><\/div>\n\n","protected":false},"excerpt":{"rendered":"","protected":false},"author":1,"featured_media":0,"parent":587,"menu_order":0,"comment_status":"closed","ping_status":"closed","template":"","meta":{"footnotes":""},"class_list":["post-218","page","type-page","status-publish","hentry","no-post-thumbnail","post-grid-3-col","entry"],"translation":{"provider":"WPGlobus","version":"3.0.2","language":"es","enabled_languages":["de","es"],"languages":{"de":{"title":true,"content":true,"excerpt":false},"es":{"title":true,"content":false,"excerpt":false}}},"_links":{"self":[{"href":"https:\/\/josegiribas.com\/es\/wp-json\/wp\/v2\/pages\/218","targetHints":{"allow":["GET"]}}],"collection":[{"href":"https:\/\/josegiribas.com\/es\/wp-json\/wp\/v2\/pages"}],"about":[{"href":"https:\/\/josegiribas.com\/es\/wp-json\/wp\/v2\/types\/page"}],"author":[{"embeddable":true,"href":"https:\/\/josegiribas.com\/es\/wp-json\/wp\/v2\/users\/1"}],"replies":[{"embeddable":true,"href":"https:\/\/josegiribas.com\/es\/wp-json\/wp\/v2\/comments?post=218"}],"version-history":[{"count":4,"href":"https:\/\/josegiribas.com\/es\/wp-json\/wp\/v2\/pages\/218\/revisions"}],"predecessor-version":[{"id":1466,"href":"https:\/\/josegiribas.com\/es\/wp-json\/wp\/v2\/pages\/218\/revisions\/1466"}],"up":[{"embeddable":true,"href":"https:\/\/josegiribas.com\/es\/wp-json\/wp\/v2\/pages\/587"}],"wp:attachment":[{"href":"https:\/\/josegiribas.com\/es\/wp-json\/wp\/v2\/media?parent=218"}],"curies":[{"name":"wp","href":"https:\/\/api.w.org\/{rel}","templated":true}]}}