{"id":210,"date":"2016-09-05T17:33:20","date_gmt":"2016-09-05T17:33:20","guid":{"rendered":"http:\/\/josegiribas.com\/?page_id=210"},"modified":"2016-09-17T11:57:57","modified_gmt":"2016-09-17T11:57:57","slug":"chile","status":"publish","type":"page","link":"https:\/\/josegiribas.com\/es\/geschichte\/chile\/","title":{"rendered":"Chile"},"content":{"rendered":"<style type=\"text\/css\">\n#foogallery-gallery-527 .fg-image { width: 150px; }\n#foogallery-gallery-527 { --fg-gutter: 10px; }<\/style>\n\t\t\t<div class=\"foogallery foogallery-container foogallery-default foogallery-lightbox-foobox-free fg-center fg-default fg-ready fg-light fg-border-thin fg-shadow-small fg-loading-default fg-loaded-fade-in fg-hover-fade fg-hover-zoom\" id=\"foogallery-gallery-527\" data-foogallery=\"{&quot;item&quot;:{&quot;showCaptionTitle&quot;:true,&quot;showCaptionDescription&quot;:false},&quot;lazy&quot;:true}\" style=\"--fg-title-line-clamp: 0; --fg-description-line-clamp: 0;\" >\n\t<div class=\"fg-item fg-type-image fg-idle\"><figure class=\"fg-item-inner\"><a href=\"https:\/\/josegiribas.com\/wp-content\/uploads\/2016\/09\/Verletzte-1.jpg\" data-caption-title=\"Verletzte Frau w\u00e4hrend einer Protestkundgebung in der Paseo Ahumada in Santiago, Chile am 19.08.1988.\" data-attachment-id=\"496\" data-type=\"image\" class=\"fg-thumb\"><span class=\"fg-image-wrap\"><img decoding=\"async\" title=\"Verletzte Frau w\u00e4hrend einer Protestkundgebung in der Paseo Ahumada in Santiago, Chile am 19.08.1988.\" width=\"150\" height=\"150\" class=\"skip-lazy fg-image\" data-src-fg=\"https:\/\/josegiribas.com\/wp-content\/uploads\/cache\/2016\/09\/Verletzte-1\/3020031884.jpg\" src=\"data:image\/svg+xml,%3Csvg%20xmlns%3D%22http%3A%2F%2Fwww.w3.org%2F2000%2Fsvg%22%20width%3D%22150%22%20height%3D%22150%22%20viewBox%3D%220%200%20150%20150%22%3E%3C%2Fsvg%3E\" loading=\"eager\"><\/span><span class=\"fg-image-overlay\"><\/span><\/a><figcaption class=\"fg-caption\"><div class=\"fg-caption-inner\"><div class=\"fg-caption-title\">Verletzte Frau w\u00e4hrend einer Protestkundgebung in der Paseo Ahumada in Santiago, Chile am 19.08.1988.<\/div><\/div><\/figcaption><\/figure><div class=\"fg-loader\"><\/div><\/div><div class=\"fg-item fg-type-image fg-idle\"><figure class=\"fg-item-inner\"><a href=\"https:\/\/josegiribas.com\/wp-content\/uploads\/2016\/09\/Protesta-1.jpg\" data-caption-title=\"Verletzte Frau w\u00e4hrend einer Protestkundgebung in der Paseo Ahumada in Santiago, Chile am 19.08.1988.\" data-attachment-id=\"495\" data-type=\"image\" class=\"fg-thumb\"><span class=\"fg-image-wrap\"><img decoding=\"async\" title=\"Verletzte Frau w\u00e4hrend einer Protestkundgebung in der Paseo Ahumada in Santiago, Chile am 19.08.1988.\" width=\"150\" height=\"150\" class=\"skip-lazy fg-image\" data-src-fg=\"https:\/\/josegiribas.com\/wp-content\/uploads\/cache\/2016\/09\/Protesta-1\/1684548631.jpg\" src=\"data:image\/svg+xml,%3Csvg%20xmlns%3D%22http%3A%2F%2Fwww.w3.org%2F2000%2Fsvg%22%20width%3D%22150%22%20height%3D%22150%22%20viewBox%3D%220%200%20150%20150%22%3E%3C%2Fsvg%3E\" loading=\"eager\"><\/span><span class=\"fg-image-overlay\"><\/span><\/a><figcaption class=\"fg-caption\"><div class=\"fg-caption-inner\"><div class=\"fg-caption-title\">Verletzte Frau w\u00e4hrend einer Protestkundgebung in der Paseo Ahumada in Santiago, Chile am 19.08.1988.<\/div><\/div><\/figcaption><\/figure><div class=\"fg-loader\"><\/div><\/div><div class=\"fg-item fg-type-image fg-idle\"><figure class=\"fg-item-inner\"><a href=\"https:\/\/josegiribas.com\/wp-content\/uploads\/2016\/09\/Pinochet1-1.jpg\" data-caption-title=\"Augusto Pinochet Ugarte im Santiago&#039;s Dom am 19.09.1988.\" data-attachment-id=\"494\" data-type=\"image\" class=\"fg-thumb\"><span class=\"fg-image-wrap\"><img decoding=\"async\" title=\"Augusto Pinochet Ugarte im Santiago&#039;s Dom am 19.09.1988.\" width=\"150\" height=\"150\" class=\"skip-lazy fg-image\" data-src-fg=\"https:\/\/josegiribas.com\/wp-content\/uploads\/cache\/2016\/09\/Pinochet1-1\/3821693808.jpg\" src=\"data:image\/svg+xml,%3Csvg%20xmlns%3D%22http%3A%2F%2Fwww.w3.org%2F2000%2Fsvg%22%20width%3D%22150%22%20height%3D%22150%22%20viewBox%3D%220%200%20150%20150%22%3E%3C%2Fsvg%3E\" loading=\"eager\"><\/span><span class=\"fg-image-overlay\"><\/span><\/a><figcaption class=\"fg-caption\"><div class=\"fg-caption-inner\"><div class=\"fg-caption-title\">Augusto Pinochet Ugarte im Santiago's Dom am 19.09.1988.<\/div><\/div><\/figcaption><\/figure><div class=\"fg-loader\"><\/div><\/div><div class=\"fg-item fg-type-image fg-idle\"><figure class=\"fg-item-inner\"><a href=\"https:\/\/josegiribas.com\/wp-content\/uploads\/2016\/09\/National_Stadion-1.jpg\" data-caption-title=\"Erste Rede von Patricio Aylwin A. als chilenischer Pr\u00e4sident im Nationalstadion in Santiago, Chile am 12. M\u00e4rz 1990. Durch diese Zeremonie wurde das Stadion, von der Milit\u00e4rdiktatur als Folterkammer und Gef\u00e4ngnis mi\u00dfbraucht, als solches rehabilitiert.\" data-attachment-id=\"493\" data-type=\"image\" class=\"fg-thumb\"><span class=\"fg-image-wrap\"><img decoding=\"async\" title=\"Erste Rede von Patricio Aylwin A. als chilenischer Pr\u00e4sident im Nationalstadion in Santiago, Chile am 12. M\u00e4rz 1990. Durch diese Zeremonie wurde das Stadion, von der Milit\u00e4rdiktatur als Folterkammer und Gef\u00e4ngnis mi\u00dfbraucht, als solches rehabilitiert.\" width=\"150\" height=\"150\" class=\"skip-lazy fg-image\" data-src-fg=\"https:\/\/josegiribas.com\/wp-content\/uploads\/cache\/2016\/09\/National_Stadion-1\/3118804913.jpg\" src=\"data:image\/svg+xml,%3Csvg%20xmlns%3D%22http%3A%2F%2Fwww.w3.org%2F2000%2Fsvg%22%20width%3D%22150%22%20height%3D%22150%22%20viewBox%3D%220%200%20150%20150%22%3E%3C%2Fsvg%3E\" loading=\"eager\"><\/span><span class=\"fg-image-overlay\"><\/span><\/a><figcaption class=\"fg-caption\"><div class=\"fg-caption-inner\"><div class=\"fg-caption-title\">Erste Rede von Patricio Aylwin A. als chilenischer Pr\u00e4sident im Nationalstadion in Santiago, Chile am 12. M\u00e4rz 1990. Durch diese Zeremonie wurde das Stadion, von der Milit\u00e4rdiktatur als Folterkammer und Gef\u00e4ngnis mi\u00dfbraucht, als solches rehabilitiert.<\/div><\/div><\/figcaption><\/figure><div class=\"fg-loader\"><\/div><\/div><div class=\"fg-item fg-type-image fg-idle\"><figure class=\"fg-item-inner\"><a href=\"https:\/\/josegiribas.com\/wp-content\/uploads\/2016\/09\/JG00901578-1.jpg\" data-caption-title=\"Demonstration fuer Menschenrechte in Santiago am 08.09.1988.\nCarmen Gloria Quintana (rechts).\nCarmen Gloria Quintana und der Fotograf Rodrigo Rojas Denegri wurden am 02.07.1986 nach ihre Festnahme von eine Milit\u00e4rpatrouille in Brand gesteckt. Rodrigo Rojas starb an den Folgen seiner Brandverletzungen.\" data-attachment-id=\"492\" data-type=\"image\" class=\"fg-thumb\"><span class=\"fg-image-wrap\"><img decoding=\"async\" title=\"Demonstration fuer Menschenrechte in Santiago am 08.09.1988.\nCarmen Gloria Quintana (rechts).\nCarmen Gloria Quintana und der Fotograf Rodrigo Rojas Denegri wurden am 02.07.1986 nach ihre Festnahme von eine Milit\u00e4rpatrouille in Brand gesteckt. Rodrigo Rojas starb an den Folgen seiner Brandverletzungen.\" width=\"150\" height=\"150\" class=\"skip-lazy fg-image\" data-src-fg=\"https:\/\/josegiribas.com\/wp-content\/uploads\/cache\/2016\/09\/JG00901578-1\/734085248.jpg\" src=\"data:image\/svg+xml,%3Csvg%20xmlns%3D%22http%3A%2F%2Fwww.w3.org%2F2000%2Fsvg%22%20width%3D%22150%22%20height%3D%22150%22%20viewBox%3D%220%200%20150%20150%22%3E%3C%2Fsvg%3E\" loading=\"eager\"><\/span><span class=\"fg-image-overlay\"><\/span><\/a><figcaption class=\"fg-caption\"><div class=\"fg-caption-inner\"><div class=\"fg-caption-title\">Demonstration fuer Menschenrechte in Santiago am 08.09.1988.\nCarmen Gloria Quintana (rechts).\nCarmen Gloria Quintana und der Fotograf Rodrigo Rojas Denegri wurden am 02.07.1986 nach ihre Festnahme von eine Milit\u00e4rpatrouille in Brand gesteckt. Rodrigo Rojas starb an den Folgen seiner Brandverletzungen.<\/div><\/div><\/figcaption><\/figure><div class=\"fg-loader\"><\/div><\/div><div class=\"fg-item fg-type-image fg-idle\"><figure class=\"fg-item-inner\"><a href=\"https:\/\/josegiribas.com\/wp-content\/uploads\/2016\/09\/JG00901573-1.jpg\" data-caption-title=\"Demonstration f\u00fcr den NEIN gegen Pinochets Plebiszit in Santiago am 01.10.1988.\" data-attachment-id=\"491\" data-type=\"image\" class=\"fg-thumb\"><span class=\"fg-image-wrap\"><img decoding=\"async\" title=\"Demonstration f\u00fcr den NEIN gegen Pinochets Plebiszit in Santiago am 01.10.1988.\" width=\"150\" height=\"150\" class=\"skip-lazy fg-image\" data-src-fg=\"https:\/\/josegiribas.com\/wp-content\/uploads\/cache\/2016\/09\/JG00901573-1\/769567906.jpg\" src=\"data:image\/svg+xml,%3Csvg%20xmlns%3D%22http%3A%2F%2Fwww.w3.org%2F2000%2Fsvg%22%20width%3D%22150%22%20height%3D%22150%22%20viewBox%3D%220%200%20150%20150%22%3E%3C%2Fsvg%3E\" loading=\"eager\"><\/span><span class=\"fg-image-overlay\"><\/span><\/a><figcaption class=\"fg-caption\"><div class=\"fg-caption-inner\"><div class=\"fg-caption-title\">Demonstration f\u00fcr den NEIN gegen Pinochets Plebiszit in Santiago am 01.10.1988.<\/div><\/div><\/figcaption><\/figure><div class=\"fg-loader\"><\/div><\/div><div class=\"fg-item fg-type-image fg-idle\"><figure class=\"fg-item-inner\"><a href=\"https:\/\/josegiribas.com\/wp-content\/uploads\/2016\/09\/JG00901532-1.jpg\" data-caption-title=\"Soldaten w\u00e4hrend dem gescheiterte Tanquetazo in Santiago, Chile am 29.06.1973. \r\nEL Tanquetazo war ein Putschversuch in Chile von Oberst Leutnant Roberto Souper gef\u00fchrt gegen die Regierung von Pr\u00e4sident Salvador Allende.\" data-attachment-id=\"489\" data-type=\"image\" class=\"fg-thumb\"><span class=\"fg-image-wrap\"><img decoding=\"async\" title=\"Soldaten w\u00e4hrend dem gescheiterte Tanquetazo in Santiago, Chile am 29.06.1973. \r\nEL Tanquetazo war ein Putschversuch in Chile von Oberst Leutnant Roberto Souper gef\u00fchrt gegen die Regierung von Pr\u00e4sident Salvador Allende.\" width=\"150\" height=\"150\" class=\"skip-lazy fg-image\" data-src-fg=\"https:\/\/josegiribas.com\/wp-content\/uploads\/cache\/2016\/09\/JG00901532-1\/3762054017.jpg\" src=\"data:image\/svg+xml,%3Csvg%20xmlns%3D%22http%3A%2F%2Fwww.w3.org%2F2000%2Fsvg%22%20width%3D%22150%22%20height%3D%22150%22%20viewBox%3D%220%200%20150%20150%22%3E%3C%2Fsvg%3E\" loading=\"eager\"><\/span><span class=\"fg-image-overlay\"><\/span><\/a><figcaption class=\"fg-caption\"><div class=\"fg-caption-inner\"><div class=\"fg-caption-title\">Soldaten w\u00e4hrend dem gescheiterte Tanquetazo in Santiago, Chile am 29.06.1973. \r\nEL Tanquetazo war ein Putschversuch in Chile von Oberst Leutnant Roberto Souper gef\u00fchrt gegen die Regierung von Pr\u00e4sident Salvador Allende.<\/div><\/div><\/figcaption><\/figure><div class=\"fg-loader\"><\/div><\/div><div class=\"fg-item fg-type-image fg-idle\"><figure class=\"fg-item-inner\"><a href=\"https:\/\/josegiribas.com\/wp-content\/uploads\/2016\/09\/JG00901416-1.jpg\" data-caption-title=\"Fotografen w\u00e4hrend eine Pause nach einer Demonstration gegen der Diktatur in Santiago, Chile am 16.02.1986.\" data-attachment-id=\"487\" data-type=\"image\" class=\"fg-thumb\"><span class=\"fg-image-wrap\"><img decoding=\"async\" title=\"Fotografen w\u00e4hrend eine Pause nach einer Demonstration gegen der Diktatur in Santiago, Chile am 16.02.1986.\" width=\"150\" height=\"150\" class=\"skip-lazy fg-image\" data-src-fg=\"https:\/\/josegiribas.com\/wp-content\/uploads\/cache\/2016\/09\/JG00901416-1\/3428155621.jpg\" src=\"data:image\/svg+xml,%3Csvg%20xmlns%3D%22http%3A%2F%2Fwww.w3.org%2F2000%2Fsvg%22%20width%3D%22150%22%20height%3D%22150%22%20viewBox%3D%220%200%20150%20150%22%3E%3C%2Fsvg%3E\" loading=\"eager\"><\/span><span class=\"fg-image-overlay\"><\/span><\/a><figcaption class=\"fg-caption\"><div class=\"fg-caption-inner\"><div class=\"fg-caption-title\">Fotografen w\u00e4hrend eine Pause nach einer Demonstration gegen der Diktatur in Santiago, Chile am 16.02.1986.<\/div><\/div><\/figcaption><\/figure><div class=\"fg-loader\"><\/div><\/div><div class=\"fg-item fg-type-image fg-idle\"><figure class=\"fg-item-inner\"><a href=\"https:\/\/josegiribas.com\/wp-content\/uploads\/2016\/09\/JG00901092-1.jpg\" data-caption-title=\"Die Witwen der von der Diktatur ermordeten Jos\u00e9 Manuel Parada Maluenda, Santiago Natting Allende und Manuel Guerrero Ceballos, protestieren gegenueber der Regierungspalast La Moneda am 15.11.1986 in Santiago, Chile.\" data-attachment-id=\"486\" data-type=\"image\" class=\"fg-thumb\"><span class=\"fg-image-wrap\"><img decoding=\"async\" title=\"Die Witwen der von der Diktatur ermordeten Jos\u00e9 Manuel Parada Maluenda, Santiago Natting Allende und Manuel Guerrero Ceballos, protestieren gegenueber der Regierungspalast La Moneda am 15.11.1986 in Santiago, Chile.\" width=\"150\" height=\"150\" class=\"skip-lazy fg-image\" data-src-fg=\"https:\/\/josegiribas.com\/wp-content\/uploads\/cache\/2016\/09\/JG00901092-1\/701564950.jpg\" src=\"data:image\/svg+xml,%3Csvg%20xmlns%3D%22http%3A%2F%2Fwww.w3.org%2F2000%2Fsvg%22%20width%3D%22150%22%20height%3D%22150%22%20viewBox%3D%220%200%20150%20150%22%3E%3C%2Fsvg%3E\" loading=\"eager\"><\/span><span class=\"fg-image-overlay\"><\/span><\/a><figcaption class=\"fg-caption\"><div class=\"fg-caption-inner\"><div class=\"fg-caption-title\">Die Witwen der von der Diktatur ermordeten Jos\u00e9 Manuel Parada Maluenda, Santiago Natting Allende und Manuel Guerrero Ceballos, protestieren gegenueber der Regierungspalast La Moneda am 15.11.1986 in Santiago, Chile.<\/div><\/div><\/figcaption><\/figure><div class=\"fg-loader\"><\/div><\/div><div class=\"fg-item fg-type-image fg-idle\"><figure class=\"fg-item-inner\"><a href=\"https:\/\/josegiribas.com\/wp-content\/uploads\/2016\/09\/Graffiti3-1.jpg\" data-caption-title=\"Graffiti gegen die Diktatur in Santiago, Chile am 12.08.1988.\r\nDie Brigada &quot;Ramona Parra&quot; w\u00e4hrend eine Demonstration der Bef\u00fcrworter des NO Kampagnes.\" data-attachment-id=\"484\" data-type=\"image\" class=\"fg-thumb\"><span class=\"fg-image-wrap\"><img decoding=\"async\" title=\"Graffiti gegen die Diktatur in Santiago, Chile am 12.08.1988.\r\nDie Brigada &quot;Ramona Parra&quot; w\u00e4hrend eine Demonstration der Bef\u00fcrworter des NO Kampagnes.\" width=\"150\" height=\"150\" class=\"skip-lazy fg-image\" data-src-fg=\"https:\/\/josegiribas.com\/wp-content\/uploads\/cache\/2016\/09\/Graffiti3-1\/2360442119.jpg\" src=\"data:image\/svg+xml,%3Csvg%20xmlns%3D%22http%3A%2F%2Fwww.w3.org%2F2000%2Fsvg%22%20width%3D%22150%22%20height%3D%22150%22%20viewBox%3D%220%200%20150%20150%22%3E%3C%2Fsvg%3E\" loading=\"eager\"><\/span><span class=\"fg-image-overlay\"><\/span><\/a><figcaption class=\"fg-caption\"><div class=\"fg-caption-inner\"><div class=\"fg-caption-title\">Graffiti gegen die Diktatur in Santiago, Chile am 12.08.1988.\r\nDie Brigada \"Ramona Parra\" w\u00e4hrend eine Demonstration der Bef\u00fcrworter des NO Kampagnes.<\/div><\/div><\/figcaption><\/figure><div class=\"fg-loader\"><\/div><\/div><div class=\"fg-item fg-type-image fg-idle\"><figure class=\"fg-item-inner\"><a href=\"https:\/\/josegiribas.com\/wp-content\/uploads\/2016\/09\/Demonstrant-1.jpg\" data-caption-title=\"Ein Sympathisant der Komunistische Partei Chiles w\u00e4hrend eine Demonstration der bef\u00fcrworter des NO Kampagnes in Santiago, Chile am 01.10.1988.\" data-attachment-id=\"483\" data-type=\"image\" class=\"fg-thumb\"><span class=\"fg-image-wrap\"><img decoding=\"async\" title=\"Ein Sympathisant der Komunistische Partei Chiles w\u00e4hrend eine Demonstration der bef\u00fcrworter des NO Kampagnes in Santiago, Chile am 01.10.1988.\" width=\"150\" height=\"150\" class=\"skip-lazy fg-image\" data-src-fg=\"https:\/\/josegiribas.com\/wp-content\/uploads\/cache\/2016\/09\/Demonstrant-1\/889428074.jpg\" src=\"data:image\/svg+xml,%3Csvg%20xmlns%3D%22http%3A%2F%2Fwww.w3.org%2F2000%2Fsvg%22%20width%3D%22150%22%20height%3D%22150%22%20viewBox%3D%220%200%20150%20150%22%3E%3C%2Fsvg%3E\" loading=\"eager\"><\/span><span class=\"fg-image-overlay\"><\/span><\/a><figcaption class=\"fg-caption\"><div class=\"fg-caption-inner\"><div class=\"fg-caption-title\">Ein Sympathisant der Komunistische Partei Chiles w\u00e4hrend eine Demonstration der bef\u00fcrworter des NO Kampagnes in Santiago, Chile am 01.10.1988.<\/div><\/div><\/figcaption><\/figure><div class=\"fg-loader\"><\/div><\/div><div class=\"fg-item fg-type-image fg-idle\"><figure class=\"fg-item-inner\"><a href=\"https:\/\/josegiribas.com\/wp-content\/uploads\/2016\/09\/Aylwin1-1.jpg\" data-caption-title=\"Patricio Aylwin Azocar wird Pr\u00e4sident in Chile.\r\nAuf dem Weg nach dem offiziellen Amts\u00fcbernahme im chilenischen Parlament in der Hafenstadt Valparaiso am 04.03.1990.\" data-attachment-id=\"482\" data-type=\"image\" class=\"fg-thumb\"><span class=\"fg-image-wrap\"><img decoding=\"async\" title=\"Patricio Aylwin Azocar wird Pr\u00e4sident in Chile.\r\nAuf dem Weg nach dem offiziellen Amts\u00fcbernahme im chilenischen Parlament in der Hafenstadt Valparaiso am 04.03.1990.\" width=\"150\" height=\"150\" class=\"skip-lazy fg-image\" data-src-fg=\"https:\/\/josegiribas.com\/wp-content\/uploads\/cache\/2016\/09\/Aylwin1-1\/445276939.jpg\" src=\"data:image\/svg+xml,%3Csvg%20xmlns%3D%22http%3A%2F%2Fwww.w3.org%2F2000%2Fsvg%22%20width%3D%22150%22%20height%3D%22150%22%20viewBox%3D%220%200%20150%20150%22%3E%3C%2Fsvg%3E\" loading=\"eager\"><\/span><span class=\"fg-image-overlay\"><\/span><\/a><figcaption class=\"fg-caption\"><div class=\"fg-caption-inner\"><div class=\"fg-caption-title\">Patricio Aylwin Azocar wird Pr\u00e4sident in Chile.\r\nAuf dem Weg nach dem offiziellen Amts\u00fcbernahme im chilenischen Parlament in der Hafenstadt Valparaiso am 04.03.1990.<\/div><\/div><\/figcaption><\/figure><div class=\"fg-loader\"><\/div><\/div><\/div>\n\n","protected":false},"excerpt":{"rendered":"","protected":false},"author":1,"featured_media":0,"parent":587,"menu_order":0,"comment_status":"closed","ping_status":"closed","template":"","meta":{"footnotes":""},"class_list":["post-210","page","type-page","status-publish","hentry","no-post-thumbnail","post-grid-3-col","entry"],"translation":{"provider":"WPGlobus","version":"3.0.2","language":"es","enabled_languages":["de","es"],"languages":{"de":{"title":true,"content":true,"excerpt":false},"es":{"title":false,"content":false,"excerpt":false}}},"_links":{"self":[{"href":"https:\/\/josegiribas.com\/es\/wp-json\/wp\/v2\/pages\/210","targetHints":{"allow":["GET"]}}],"collection":[{"href":"https:\/\/josegiribas.com\/es\/wp-json\/wp\/v2\/pages"}],"about":[{"href":"https:\/\/josegiribas.com\/es\/wp-json\/wp\/v2\/types\/page"}],"author":[{"embeddable":true,"href":"https:\/\/josegiribas.com\/es\/wp-json\/wp\/v2\/users\/1"}],"replies":[{"embeddable":true,"href":"https:\/\/josegiribas.com\/es\/wp-json\/wp\/v2\/comments?post=210"}],"version-history":[{"count":3,"href":"https:\/\/josegiribas.com\/es\/wp-json\/wp\/v2\/pages\/210\/revisions"}],"predecessor-version":[{"id":1374,"href":"https:\/\/josegiribas.com\/es\/wp-json\/wp\/v2\/pages\/210\/revisions\/1374"}],"up":[{"embeddable":true,"href":"https:\/\/josegiribas.com\/es\/wp-json\/wp\/v2\/pages\/587"}],"wp:attachment":[{"href":"https:\/\/josegiribas.com\/es\/wp-json\/wp\/v2\/media?parent=210"}],"curies":[{"name":"wp","href":"https:\/\/api.w.org\/{rel}","templated":true}]}}