{"id":1477,"date":"2022-01-22T10:52:37","date_gmt":"2022-01-22T10:52:37","guid":{"rendered":"https:\/\/josegiribas.com\/?page_id=1477"},"modified":"2022-01-22T10:52:37","modified_gmt":"2022-01-22T10:52:37","slug":"presse","status":"publish","type":"page","link":"https:\/\/josegiribas.com\/es\/presse\/","title":{"rendered":"Prensa"},"content":{"rendered":"<p><a href=\"https:\/\/www.elmostrador.cl\/cultura\/2015\/06\/02\/la-singular-vida-de-jose-giribas-el-desconocido-fotografo-chileno-que-ha-fotografiado-al-mundo\/\" target=\"_blank\" rel=\"noopener\">La singular vida de Jos\u00e9 Girib\u00e1s, el desconocido fot\u00f3grafo chileno que ha retratado al mundo<\/a><br \/>\n<a href=\"https:\/\/www.elmostrador.cl\/cultura\/2021\/07\/08\/fotografos-independientes-chilenos-inauguran-en-berlin-muestra-sobre-el-estallido\/\" target=\"_blank\" rel=\"noopener\">Fot\u00f3grafos independientes chilenos inauguran en Berl\u00edn muestra sobre el estallido<\/a><br \/>\n<a href=\"https:\/\/www.npla.de\/thema\/memoria-justicia\/fotoausstellung-represion-y-resistencia-social-en-chile-ayer-y-hoy\/\" target=\"_blank\" rel=\"noopener\">Fotoausstellung: Represi\u00f3n y Resistencia social en Chile. Ayer y Hoy<\/a><br \/>\n<a href=\"https:\/\/photography-now.com\/exhibition\/148531\" target=\"_blank\" rel=\"noopener\">Chile ist erwachtRepression und sozialer Widerstand &#8211; Gestern und Heute<\/a><br \/>\n<a href=\"http:\/\/www.memoriachilena.gob.cl\/602\/w3-article-3499.html\" target=\"_blank\" rel=\"noopener\">La Asociaci\u00f3n de Fot\u00f3grafos Independientes (AFI) (1981-1990)<\/a><br \/>\n<a href=\"https:\/\/www.npla.de\/thema\/repression-widerstand\/imagen-de-la-batalla-o-batalla-por-la-imagenes\/\" target=\"_blank\" rel=\"noopener\">\u00bfImagen de la batalla o batalla por las im\u00e1genes?<\/a><br \/>\n<a href=\"https:\/\/www.monopol-magazin.de\/chile-erwacht-fotogalerie-friedrichshain\" target=\"_blank\" rel=\"noopener\">Fotos von den Unruhen in Chile: Im Krieg gegen das eigene Volk<\/a><br \/>\n<a href=\"https:\/\/blog.sz-photo.de\/aktuelles\/repression-und-sozialer-widerstand-in-chile-gestern-und-heute-eine-ausstellung-im-rahmen-des-projekts-chile-ist-erwacht-von-jose-giribas\/\" target=\"_blank\" rel=\"noopener\">Repression und sozialer Widerstand in Chile \u2013 gestern und heute. Eine Ausstellung im Rahmen des Projekts \u201cChile ist erwacht\u201d von Jos\u00e9 Girib\u00e1s<\/a><br \/>\n<a href=\"https:\/\/www.dw.com\/es\/chile-la-gente-no-va-a-dejar-de-salir-a-la-calle\/a-58269281\" target=\"_blank\" rel=\"noopener\">Chile: \u201cLa gente no va a dejar de salir a la calle\u201c<\/a><br \/>\n<a href=\"https:\/\/www.eldesconcierto.cl\/nacional\/2020\/01\/02\/el-relato-de-la-fotoperiodista-que-fue-agredida-en-ano-nuevo-por-carabineros.html\" target=\"_blank\" rel=\"noopener\">El relato de la fotoperiodista que fue agredida en A\u00f1o Nuevo por Carabineros<\/a><br \/>\n<a href=\"https:\/\/palabrapublica.uchile.cl\/2021\/08\/25\/la-herencia-de-la-afi-que-desperto-con-el-estallido-social\/\" target=\"_blank\" rel=\"noopener\">La herencia de la AFI que despert\u00f3 con el estallido social<\/a><\/p>\n","protected":false},"excerpt":{"rendered":"<p>La singular vida de Jos\u00e9 Girib\u00e1s, el desconocido fot\u00f3grafo chileno que ha retratado al mundo Fot\u00f3grafos independientes chilenos inauguran en Berl\u00edn muestra sobre el estallido Fotoausstellung: Represi\u00f3n y Resistencia social en Chile. Ayer y Hoy Chile ist erwachtRepression und sozialer Widerstand &#8211; Gestern und Heute La Asociaci\u00f3n de Fot\u00f3grafos Independientes (AFI) (1981-1990) \u00bfImagen de la&hellip;<\/p>\n","protected":false},"author":2,"featured_media":0,"parent":0,"menu_order":0,"comment_status":"closed","ping_status":"closed","template":"","meta":{"footnotes":""},"class_list":["post-1477","page","type-page","status-publish","hentry","no-post-thumbnail","post-grid-3-col","entry"],"translation":{"provider":"WPGlobus","version":"3.0.2","language":"es","enabled_languages":["de","es"],"languages":{"de":{"title":true,"content":true,"excerpt":false},"es":{"title":true,"content":true,"excerpt":false}}},"_links":{"self":[{"href":"https:\/\/josegiribas.com\/es\/wp-json\/wp\/v2\/pages\/1477","targetHints":{"allow":["GET"]}}],"collection":[{"href":"https:\/\/josegiribas.com\/es\/wp-json\/wp\/v2\/pages"}],"about":[{"href":"https:\/\/josegiribas.com\/es\/wp-json\/wp\/v2\/types\/page"}],"author":[{"embeddable":true,"href":"https:\/\/josegiribas.com\/es\/wp-json\/wp\/v2\/users\/2"}],"replies":[{"embeddable":true,"href":"https:\/\/josegiribas.com\/es\/wp-json\/wp\/v2\/comments?post=1477"}],"version-history":[{"count":6,"href":"https:\/\/josegiribas.com\/es\/wp-json\/wp\/v2\/pages\/1477\/revisions"}],"predecessor-version":[{"id":1548,"href":"https:\/\/josegiribas.com\/es\/wp-json\/wp\/v2\/pages\/1477\/revisions\/1548"}],"wp:attachment":[{"href":"https:\/\/josegiribas.com\/es\/wp-json\/wp\/v2\/media?parent=1477"}],"curies":[{"name":"wp","href":"https:\/\/api.w.org\/{rel}","templated":true}]}}