{"id":13,"date":"2016-06-28T15:04:18","date_gmt":"2016-06-28T15:04:18","guid":{"rendered":"http:\/\/josegiribas.com\/?page_id=13"},"modified":"2016-09-17T11:07:38","modified_gmt":"2016-09-17T11:07:38","slug":"portraits","status":"publish","type":"page","link":"https:\/\/josegiribas.com\/es\/portraits\/","title":{"rendered":"Portraits"},"content":{"rendered":"<hr \/>\n<style type=\"text\/css\">\n#foogallery-gallery-581 .fg-image { width: 150px; }\n#foogallery-gallery-581 { --fg-gutter: 10px; }<\/style>\n\t\t\t<div class=\"foogallery foogallery-container foogallery-default foogallery-lightbox-foobox-free fg-center fg-default fg-ready fg-light fg-border-thin fg-shadow-small fg-loading-default fg-loaded-fade-in fg-hover-fade fg-hover-zoom\" id=\"foogallery-gallery-581\" data-foogallery=\"{&quot;item&quot;:{&quot;showCaptionTitle&quot;:true,&quot;showCaptionDescription&quot;:false},&quot;lazy&quot;:true}\" style=\"--fg-title-line-clamp: 0; --fg-description-line-clamp: 0;\" >\n\t<div class=\"fg-item fg-type-image fg-idle\"><figure class=\"fg-item-inner\"><a href=\"https:\/\/josegiribas.com\/wp-content\/uploads\/2016\/09\/JGMM16060592-1.jpg\" data-caption-title=\"Jos\u00e9 Alberto M\u00fajica Cordano, Senator und ehemaliger Pr\u00e4sident der Republik Uruguay w\u00e4hrend eine Pause (Er trink der traditionalen Mate-Tee) am 23.06.2016 in Berlin.\" data-attachment-id=\"545\" data-type=\"image\" class=\"fg-thumb\"><span class=\"fg-image-wrap\"><img decoding=\"async\" title=\"Jos\u00e9 Alberto M\u00fajica Cordano, Senator und ehemaliger Pr\u00e4sident der Republik Uruguay w\u00e4hrend eine Pause (Er trink der traditionalen Mate-Tee) am 23.06.2016 in Berlin.\" width=\"150\" height=\"150\" class=\"skip-lazy fg-image\" data-src-fg=\"https:\/\/josegiribas.com\/wp-content\/uploads\/cache\/2016\/09\/JGMM16060592-1\/296383727.jpg\" src=\"data:image\/svg+xml,%3Csvg%20xmlns%3D%22http%3A%2F%2Fwww.w3.org%2F2000%2Fsvg%22%20width%3D%22150%22%20height%3D%22150%22%20viewBox%3D%220%200%20150%20150%22%3E%3C%2Fsvg%3E\" loading=\"eager\"><\/span><span class=\"fg-image-overlay\"><\/span><\/a><figcaption class=\"fg-caption\"><div class=\"fg-caption-inner\"><div class=\"fg-caption-title\">Jos\u00e9 Alberto M\u00fajica Cordano, Senator und ehemaliger Pr\u00e4sident der Republik Uruguay w\u00e4hrend eine Pause (Er trink der traditionalen Mate-Tee) am 23.06.2016 in Berlin.<\/div><\/div><\/figcaption><\/figure><div class=\"fg-loader\"><\/div><\/div><div class=\"fg-item fg-type-image fg-idle\"><figure class=\"fg-item-inner\"><a href=\"https:\/\/josegiribas.com\/wp-content\/uploads\/2016\/09\/JGMM15050090-1.jpg\" data-caption-title=\"Manolis Glezos, griechischer Politiker, Autor, Journalist und Mitglied des Europaparlaments fuer die Partei Syriza. In Berlin am 06.05.2015.\nManolis Glezos war im griechischen Widerstand aktiv, am 30. Mai 1941 erklomm er die Akropolis und riss die dort seit der deutschen Einnahme von Athen am 27. April 1941 gehisste Hakenkreuzfahne herunter.\" data-attachment-id=\"544\" data-type=\"image\" class=\"fg-thumb\"><span class=\"fg-image-wrap\"><img decoding=\"async\" title=\"Manolis Glezos, griechischer Politiker, Autor, Journalist und Mitglied des Europaparlaments fuer die Partei Syriza. In Berlin am 06.05.2015.\nManolis Glezos war im griechischen Widerstand aktiv, am 30. Mai 1941 erklomm er die Akropolis und riss die dort seit der deutschen Einnahme von Athen am 27. April 1941 gehisste Hakenkreuzfahne herunter.\" width=\"150\" height=\"150\" class=\"skip-lazy fg-image\" data-src-fg=\"https:\/\/josegiribas.com\/wp-content\/uploads\/cache\/2016\/09\/JGMM15050090-1\/1141799178.jpg\" src=\"data:image\/svg+xml,%3Csvg%20xmlns%3D%22http%3A%2F%2Fwww.w3.org%2F2000%2Fsvg%22%20width%3D%22150%22%20height%3D%22150%22%20viewBox%3D%220%200%20150%20150%22%3E%3C%2Fsvg%3E\" loading=\"eager\"><\/span><span class=\"fg-image-overlay\"><\/span><\/a><figcaption class=\"fg-caption\"><div class=\"fg-caption-inner\"><div class=\"fg-caption-title\">Manolis Glezos, griechischer Politiker, Autor, Journalist und Mitglied des Europaparlaments fuer die Partei Syriza. In Berlin am 06.05.2015.\nManolis Glezos war im griechischen Widerstand aktiv, am 30. Mai 1941 erklomm er die Akropolis und riss die dort seit der deutschen Einnahme von Athen am 27. April 1941 gehisste Hakenkreuzfahne herunter.<\/div><\/div><\/figcaption><\/figure><div class=\"fg-loader\"><\/div><\/div><div class=\"fg-item fg-type-image fg-idle\"><figure class=\"fg-item-inner\"><a href=\"https:\/\/josegiribas.com\/wp-content\/uploads\/2016\/09\/JGMM14111379-1.jpg\" data-caption-title=\"Andr\u00e9s Pascal Allende, chilenischer Soziologe und Politiker in Santiago, Chile am 26.11.2014.\r\nAndr\u00e9s Pascal Allende ist ein Neffe des ehemaligen Pr\u00e4sidenten Salvador Allende und Mitbegr\u00fcnder und ehemaliger F\u00fchrer der Bewegung der Revolutionaeren Linken (MIR) (Movimiento de Izquierda Revolucionaria) zusammen mit Miguel Enr\u00edquez, nach Miguel Enriquez Ermordung \u00fcbernahm er die F\u00fchrung der MIR.\" data-attachment-id=\"543\" data-type=\"image\" class=\"fg-thumb\"><span class=\"fg-image-wrap\"><img decoding=\"async\" title=\"Andr\u00e9s Pascal Allende, chilenischer Soziologe und Politiker in Santiago, Chile am 26.11.2014.\r\nAndr\u00e9s Pascal Allende ist ein Neffe des ehemaligen Pr\u00e4sidenten Salvador Allende und Mitbegr\u00fcnder und ehemaliger F\u00fchrer der Bewegung der Revolutionaeren Linken (MIR) (Movimiento de Izquierda Revolucionaria) zusammen mit Miguel Enr\u00edquez, nach Miguel Enriquez Ermordung \u00fcbernahm er die F\u00fchrung der MIR.\" width=\"150\" height=\"150\" class=\"skip-lazy fg-image\" data-src-fg=\"https:\/\/josegiribas.com\/wp-content\/uploads\/cache\/2016\/09\/JGMM14111379-1\/758716660.jpg\" src=\"data:image\/svg+xml,%3Csvg%20xmlns%3D%22http%3A%2F%2Fwww.w3.org%2F2000%2Fsvg%22%20width%3D%22150%22%20height%3D%22150%22%20viewBox%3D%220%200%20150%20150%22%3E%3C%2Fsvg%3E\" loading=\"eager\"><\/span><span class=\"fg-image-overlay\"><\/span><\/a><figcaption class=\"fg-caption\"><div class=\"fg-caption-inner\"><div class=\"fg-caption-title\">Andr\u00e9s Pascal Allende, chilenischer Soziologe und Politiker in Santiago, Chile am 26.11.2014.\r\nAndr\u00e9s Pascal Allende ist ein Neffe des ehemaligen Pr\u00e4sidenten Salvador Allende und Mitbegr\u00fcnder und ehemaliger F\u00fchrer der Bewegung der Revolutionaeren Linken (MIR) (Movimiento de Izquierda Revolucionaria) zusammen mit Miguel Enr\u00edquez, nach Miguel Enriquez Ermordung \u00fcbernahm er die F\u00fchrung der MIR.<\/div><\/div><\/figcaption><\/figure><div class=\"fg-loader\"><\/div><\/div><div class=\"fg-item fg-type-image fg-idle\"><figure class=\"fg-item-inner\"><a href=\"https:\/\/josegiribas.com\/wp-content\/uploads\/2016\/09\/JGMM14111308-1.jpg\" data-caption-title=\"Marco Enr\u00edquez-Ominami, chilenisch-franz\u00f6sischer \r\nFilmemacher und Politiker und Vorsitzender der Partido Progresista de Chile (PRO) in ein Hotel in Santiago, Chile am 25.11.2015.\r\nMArco Enr\u00edquez-Ominami ist der Sohn von Miguel Enriquez, dem Mitbegr\u00fcnder und Generalsekret\u00e4r der Movimiento de Izquierda Revolucionaria (MIR), der 1974 w\u00e4hrend der Diktatur Augusto Pinochets ermordet wurde.\" data-attachment-id=\"542\" data-type=\"image\" class=\"fg-thumb\"><span class=\"fg-image-wrap\"><img decoding=\"async\" title=\"Marco Enr\u00edquez-Ominami, chilenisch-franz\u00f6sischer \r\nFilmemacher und Politiker und Vorsitzender der Partido Progresista de Chile (PRO) in ein Hotel in Santiago, Chile am 25.11.2015.\r\nMArco Enr\u00edquez-Ominami ist der Sohn von Miguel Enriquez, dem Mitbegr\u00fcnder und Generalsekret\u00e4r der Movimiento de Izquierda Revolucionaria (MIR), der 1974 w\u00e4hrend der Diktatur Augusto Pinochets ermordet wurde.\" width=\"150\" height=\"150\" class=\"skip-lazy fg-image\" data-src-fg=\"https:\/\/josegiribas.com\/wp-content\/uploads\/cache\/2016\/09\/JGMM14111308-1\/2006670760.jpg\" src=\"data:image\/svg+xml,%3Csvg%20xmlns%3D%22http%3A%2F%2Fwww.w3.org%2F2000%2Fsvg%22%20width%3D%22150%22%20height%3D%22150%22%20viewBox%3D%220%200%20150%20150%22%3E%3C%2Fsvg%3E\" loading=\"eager\"><\/span><span class=\"fg-image-overlay\"><\/span><\/a><figcaption class=\"fg-caption\"><div class=\"fg-caption-inner\"><div class=\"fg-caption-title\">Marco Enr\u00edquez-Ominami, chilenisch-franz\u00f6sischer \r\nFilmemacher und Politiker und Vorsitzender der Partido Progresista de Chile (PRO) in ein Hotel in Santiago, Chile am 25.11.2015.\r\nMArco Enr\u00edquez-Ominami ist der Sohn von Miguel Enriquez, dem Mitbegr\u00fcnder und Generalsekret\u00e4r der Movimiento de Izquierda Revolucionaria (MIR), der 1974 w\u00e4hrend der Diktatur Augusto Pinochets ermordet wurde.<\/div><\/div><\/figcaption><\/figure><div class=\"fg-loader\"><\/div><\/div><div class=\"fg-item fg-type-image fg-idle\"><figure class=\"fg-item-inner\"><a href=\"https:\/\/josegiribas.com\/wp-content\/uploads\/2016\/09\/JG09073043-1.jpg\" data-caption-title=\"G8 Gipfel in L\u2019Aquila, Italien am 010.07.2009.\r\nMuammar Abu Minyar al-Gaddafi, Libyen&#039;s Staatschef und Pr\u00e4sident der Afrikanischen Union.\" data-attachment-id=\"541\" data-type=\"image\" class=\"fg-thumb\"><span class=\"fg-image-wrap\"><img decoding=\"async\" title=\"G8 Gipfel in L\u2019Aquila, Italien am 010.07.2009.\r\nMuammar Abu Minyar al-Gaddafi, Libyen&#039;s Staatschef und Pr\u00e4sident der Afrikanischen Union.\" width=\"150\" height=\"150\" class=\"skip-lazy fg-image\" data-src-fg=\"https:\/\/josegiribas.com\/wp-content\/uploads\/cache\/2016\/09\/JG09073043-1\/2746604715.jpg\" src=\"data:image\/svg+xml,%3Csvg%20xmlns%3D%22http%3A%2F%2Fwww.w3.org%2F2000%2Fsvg%22%20width%3D%22150%22%20height%3D%22150%22%20viewBox%3D%220%200%20150%20150%22%3E%3C%2Fsvg%3E\" loading=\"eager\"><\/span><span class=\"fg-image-overlay\"><\/span><\/a><figcaption class=\"fg-caption\"><div class=\"fg-caption-inner\"><div class=\"fg-caption-title\">G8 Gipfel in L\u2019Aquila, Italien am 010.07.2009.\r\nMuammar Abu Minyar al-Gaddafi, Libyen's Staatschef und Pr\u00e4sident der Afrikanischen Union.<\/div><\/div><\/figcaption><\/figure><div class=\"fg-loader\"><\/div><\/div><div class=\"fg-item fg-type-image fg-idle\"><figure class=\"fg-item-inner\"><a href=\"https:\/\/josegiribas.com\/wp-content\/uploads\/2016\/09\/JG08072875-1.jpg\" data-caption-title=\"Milit\u00e4r-Parade am franz\u00f6sischen Nationalfeiertag in Rahmen des Mittelmeerunion-Gipfels in Paris, Frankreich am 14.07.2008.\r\nBashar Al-Assad, Pr\u00e4sident Syriens mit seiner Frau Asma-al-Assad.\" data-attachment-id=\"540\" data-type=\"image\" class=\"fg-thumb\"><span class=\"fg-image-wrap\"><img decoding=\"async\" title=\"Milit\u00e4r-Parade am franz\u00f6sischen Nationalfeiertag in Rahmen des Mittelmeerunion-Gipfels in Paris, Frankreich am 14.07.2008.\r\nBashar Al-Assad, Pr\u00e4sident Syriens mit seiner Frau Asma-al-Assad.\" width=\"150\" height=\"150\" class=\"skip-lazy fg-image\" data-src-fg=\"https:\/\/josegiribas.com\/wp-content\/uploads\/cache\/2016\/09\/JG08072875-1\/386991796.jpg\" src=\"data:image\/svg+xml,%3Csvg%20xmlns%3D%22http%3A%2F%2Fwww.w3.org%2F2000%2Fsvg%22%20width%3D%22150%22%20height%3D%22150%22%20viewBox%3D%220%200%20150%20150%22%3E%3C%2Fsvg%3E\" loading=\"eager\"><\/span><span class=\"fg-image-overlay\"><\/span><\/a><figcaption class=\"fg-caption\"><div class=\"fg-caption-inner\"><div class=\"fg-caption-title\">Milit\u00e4r-Parade am franz\u00f6sischen Nationalfeiertag in Rahmen des Mittelmeerunion-Gipfels in Paris, Frankreich am 14.07.2008.\r\nBashar Al-Assad, Pr\u00e4sident Syriens mit seiner Frau Asma-al-Assad.<\/div><\/div><\/figcaption><\/figure><div class=\"fg-loader\"><\/div><\/div><div class=\"fg-item fg-type-image fg-idle\"><figure class=\"fg-item-inner\"><a href=\"https:\/\/josegiribas.com\/wp-content\/uploads\/2016\/09\/JG00901461-1.jpg\" data-caption-title=\"Demonstration zum  Gedenken an die Pogromnacht von 09.11.1938 vor dem J\u00fcdische Gemeindezentrum in der Fassanen Str. in Berlin am 08.11.1988.\nWilly Brandt, Bundeskanzler a.D.\" data-attachment-id=\"539\" data-type=\"image\" class=\"fg-thumb\"><span class=\"fg-image-wrap\"><img decoding=\"async\" title=\"Demonstration zum  Gedenken an die Pogromnacht von 09.11.1938 vor dem J\u00fcdische Gemeindezentrum in der Fassanen Str. in Berlin am 08.11.1988.\nWilly Brandt, Bundeskanzler a.D.\" width=\"150\" height=\"150\" class=\"skip-lazy fg-image\" data-src-fg=\"https:\/\/josegiribas.com\/wp-content\/uploads\/cache\/2016\/09\/JG00901461-1\/4155894612.jpg\" src=\"data:image\/svg+xml,%3Csvg%20xmlns%3D%22http%3A%2F%2Fwww.w3.org%2F2000%2Fsvg%22%20width%3D%22150%22%20height%3D%22150%22%20viewBox%3D%220%200%20150%20150%22%3E%3C%2Fsvg%3E\" loading=\"eager\"><\/span><span class=\"fg-image-overlay\"><\/span><\/a><figcaption class=\"fg-caption\"><div class=\"fg-caption-inner\"><div class=\"fg-caption-title\">Demonstration zum  Gedenken an die Pogromnacht von 09.11.1938 vor dem J\u00fcdische Gemeindezentrum in der Fassanen Str. in Berlin am 08.11.1988.\nWilly Brandt, Bundeskanzler a.D.<\/div><\/div><\/figcaption><\/figure><div class=\"fg-loader\"><\/div><\/div><div class=\"fg-item fg-type-image fg-idle\"><figure class=\"fg-item-inner\"><a href=\"https:\/\/josegiribas.com\/wp-content\/uploads\/2016\/09\/JG00900989-1.jpg\" data-caption-title=\"Kommandant Fidel Castro in Havanna, Kuba am 12. 08. 1988.\" data-attachment-id=\"538\" data-type=\"image\" class=\"fg-thumb\"><span class=\"fg-image-wrap\"><img decoding=\"async\" title=\"Kommandant Fidel Castro in Havanna, Kuba am 12. 08. 1988.\" width=\"150\" height=\"150\" class=\"skip-lazy fg-image\" data-src-fg=\"https:\/\/josegiribas.com\/wp-content\/uploads\/cache\/2016\/09\/JG00900989-1\/2693245566.jpg\" src=\"data:image\/svg+xml,%3Csvg%20xmlns%3D%22http%3A%2F%2Fwww.w3.org%2F2000%2Fsvg%22%20width%3D%22150%22%20height%3D%22150%22%20viewBox%3D%220%200%20150%20150%22%3E%3C%2Fsvg%3E\" loading=\"eager\"><\/span><span class=\"fg-image-overlay\"><\/span><\/a><figcaption class=\"fg-caption\"><div class=\"fg-caption-inner\"><div class=\"fg-caption-title\">Kommandant Fidel Castro in Havanna, Kuba am 12. 08. 1988.<\/div><\/div><\/figcaption><\/figure><div class=\"fg-loader\"><\/div><\/div><div class=\"fg-item fg-type-image fg-idle\"><figure class=\"fg-item-inner\"><a href=\"https:\/\/josegiribas.com\/wp-content\/uploads\/2016\/09\/Corvalan1-1.jpg\" data-caption-title=\"Luis Corval\u00e1n, ehemaliger Generalsekret\u00e4r der Komunistischen Partei Chiles am 18.02.2003 im seinem Haus in Santiago, Chile.\" data-attachment-id=\"537\" data-type=\"image\" class=\"fg-thumb\"><span class=\"fg-image-wrap\"><img decoding=\"async\" title=\"Luis Corval\u00e1n, ehemaliger Generalsekret\u00e4r der Komunistischen Partei Chiles am 18.02.2003 im seinem Haus in Santiago, Chile.\" width=\"150\" height=\"150\" class=\"skip-lazy fg-image\" data-src-fg=\"https:\/\/josegiribas.com\/wp-content\/uploads\/cache\/2016\/09\/Corvalan1-1\/3288129163.jpg\" src=\"data:image\/svg+xml,%3Csvg%20xmlns%3D%22http%3A%2F%2Fwww.w3.org%2F2000%2Fsvg%22%20width%3D%22150%22%20height%3D%22150%22%20viewBox%3D%220%200%20150%20150%22%3E%3C%2Fsvg%3E\" loading=\"eager\"><\/span><span class=\"fg-image-overlay\"><\/span><\/a><figcaption class=\"fg-caption\"><div class=\"fg-caption-inner\"><div class=\"fg-caption-title\">Luis Corval\u00e1n, ehemaliger Generalsekret\u00e4r der Komunistischen Partei Chiles am 18.02.2003 im seinem Haus in Santiago, Chile.<\/div><\/div><\/figcaption><\/figure><div class=\"fg-loader\"><\/div><\/div><div class=\"fg-item fg-type-image fg-idle\"><figure class=\"fg-item-inner\"><a href=\"https:\/\/josegiribas.com\/wp-content\/uploads\/2016\/09\/Clotario1-1.jpg\" data-caption-title=\"Clotario Blest, der gro\u00dfe alter Mann der chilenischen Arbeiterbewegung, Gr\u00fcnder des Dachverbandes der chilenischen Gewerkschaften (CUT), in seiner Wohnung in Santiago, Chile am 08.August 1987.\" data-attachment-id=\"536\" data-type=\"image\" class=\"fg-thumb\"><span class=\"fg-image-wrap\"><img decoding=\"async\" title=\"Clotario Blest, der gro\u00dfe alter Mann der chilenischen Arbeiterbewegung, Gr\u00fcnder des Dachverbandes der chilenischen Gewerkschaften (CUT), in seiner Wohnung in Santiago, Chile am 08.August 1987.\" width=\"150\" height=\"150\" class=\"skip-lazy fg-image\" data-src-fg=\"https:\/\/josegiribas.com\/wp-content\/uploads\/cache\/2016\/09\/Clotario1-1\/4047165370.jpg\" src=\"data:image\/svg+xml,%3Csvg%20xmlns%3D%22http%3A%2F%2Fwww.w3.org%2F2000%2Fsvg%22%20width%3D%22150%22%20height%3D%22150%22%20viewBox%3D%220%200%20150%20150%22%3E%3C%2Fsvg%3E\" loading=\"eager\"><\/span><span class=\"fg-image-overlay\"><\/span><\/a><figcaption class=\"fg-caption\"><div class=\"fg-caption-inner\"><div class=\"fg-caption-title\">Clotario Blest, der gro\u00dfe alter Mann der chilenischen Arbeiterbewegung, Gr\u00fcnder des Dachverbandes der chilenischen Gewerkschaften (CUT), in seiner Wohnung in Santiago, Chile am 08.August 1987.<\/div><\/div><\/figcaption><\/figure><div class=\"fg-loader\"><\/div><\/div><div class=\"fg-item fg-type-image fg-idle\"><figure class=\"fg-item-inner\"><a href=\"https:\/\/josegiribas.com\/wp-content\/uploads\/2016\/09\/Arafat4-1.jpg\" data-caption-title=\"Yassir Arafat, Vorsitzender des Exekutivrates der Pal\u00e4stinensischen Selbstverwaltungsbeh\u00f6rde am 27.03.2000 im Bundeskanzleramt.\" data-attachment-id=\"535\" data-type=\"image\" class=\"fg-thumb\"><span class=\"fg-image-wrap\"><img decoding=\"async\" title=\"Yassir Arafat, Vorsitzender des Exekutivrates der Pal\u00e4stinensischen Selbstverwaltungsbeh\u00f6rde am 27.03.2000 im Bundeskanzleramt.\" width=\"150\" height=\"150\" class=\"skip-lazy fg-image\" data-src-fg=\"https:\/\/josegiribas.com\/wp-content\/uploads\/cache\/2016\/09\/Arafat4-1\/2658916791.jpg\" src=\"data:image\/svg+xml,%3Csvg%20xmlns%3D%22http%3A%2F%2Fwww.w3.org%2F2000%2Fsvg%22%20width%3D%22150%22%20height%3D%22150%22%20viewBox%3D%220%200%20150%20150%22%3E%3C%2Fsvg%3E\" loading=\"eager\"><\/span><span class=\"fg-image-overlay\"><\/span><\/a><figcaption class=\"fg-caption\"><div class=\"fg-caption-inner\"><div class=\"fg-caption-title\">Yassir Arafat, Vorsitzender des Exekutivrates der Pal\u00e4stinensischen Selbstverwaltungsbeh\u00f6rde am 27.03.2000 im Bundeskanzleramt.<\/div><\/div><\/figcaption><\/figure><div class=\"fg-loader\"><\/div><\/div><div class=\"fg-item fg-type-image fg-idle\"><figure class=\"fg-item-inner\"><a href=\"https:\/\/josegiribas.com\/wp-content\/uploads\/2016\/09\/JG89110177-1.jpg\" data-caption-title=\"Demonstration organiziert von Theater- und Kulturschaffenden zu Durchsetzung der Paragraphen 27 und 28 der Verfassung der DDR auf dem Alexanderplatz am 04.11.1989.\r\nMarkus Johannes Wolf (Mischa), ehemaliger Leiter der Hauptverwaltung Aufkl\u00e4rung (HVA) im Ministerium fuer Staatssicherheit der DDR.\" data-attachment-id=\"510\" data-type=\"image\" class=\"fg-thumb\"><span class=\"fg-image-wrap\"><img decoding=\"async\" title=\"Demonstration organiziert von Theater- und Kulturschaffenden zu Durchsetzung der Paragraphen 27 und 28 der Verfassung der DDR auf dem Alexanderplatz am 04.11.1989.\r\nMarkus Johannes Wolf (Mischa), ehemaliger Leiter der Hauptverwaltung Aufkl\u00e4rung (HVA) im Ministerium fuer Staatssicherheit der DDR.\" width=\"150\" height=\"150\" class=\"skip-lazy fg-image\" data-src-fg=\"https:\/\/josegiribas.com\/wp-content\/uploads\/cache\/2016\/09\/JG89110177-1\/652835479.jpg\" src=\"data:image\/svg+xml,%3Csvg%20xmlns%3D%22http%3A%2F%2Fwww.w3.org%2F2000%2Fsvg%22%20width%3D%22150%22%20height%3D%22150%22%20viewBox%3D%220%200%20150%20150%22%3E%3C%2Fsvg%3E\" loading=\"eager\"><\/span><span class=\"fg-image-overlay\"><\/span><\/a><figcaption class=\"fg-caption\"><div class=\"fg-caption-inner\"><div class=\"fg-caption-title\">Demonstration organiziert von Theater- und Kulturschaffenden zu Durchsetzung der Paragraphen 27 und 28 der Verfassung der DDR auf dem Alexanderplatz am 04.11.1989.\r\nMarkus Johannes Wolf (Mischa), ehemaliger Leiter der Hauptverwaltung Aufkl\u00e4rung (HVA) im Ministerium fuer Staatssicherheit der DDR.<\/div><\/div><\/figcaption><\/figure><div class=\"fg-loader\"><\/div><\/div><div class=\"fg-item fg-type-image fg-idle\"><figure class=\"fg-item-inner\"><a href=\"https:\/\/josegiribas.com\/wp-content\/uploads\/2016\/09\/Pinochet1-1.jpg\" data-caption-title=\"Augusto Pinochet Ugarte im Santiago&#039;s Dom am 19.09.1988.\" data-attachment-id=\"494\" data-type=\"image\" class=\"fg-thumb\"><span class=\"fg-image-wrap\"><img decoding=\"async\" title=\"Augusto Pinochet Ugarte im Santiago&#039;s Dom am 19.09.1988.\" width=\"150\" height=\"150\" class=\"skip-lazy fg-image\" data-src-fg=\"https:\/\/josegiribas.com\/wp-content\/uploads\/cache\/2016\/09\/Pinochet1-1\/2949649893.jpg\" src=\"data:image\/svg+xml,%3Csvg%20xmlns%3D%22http%3A%2F%2Fwww.w3.org%2F2000%2Fsvg%22%20width%3D%22150%22%20height%3D%22150%22%20viewBox%3D%220%200%20150%20150%22%3E%3C%2Fsvg%3E\" loading=\"eager\"><\/span><span class=\"fg-image-overlay\"><\/span><\/a><figcaption class=\"fg-caption\"><div class=\"fg-caption-inner\"><div class=\"fg-caption-title\">Augusto Pinochet Ugarte im Santiago's Dom am 19.09.1988.<\/div><\/div><\/figcaption><\/figure><div class=\"fg-loader\"><\/div><\/div><div class=\"fg-item fg-type-image fg-idle\"><figure class=\"fg-item-inner\"><a href=\"https:\/\/josegiribas.com\/wp-content\/uploads\/2016\/09\/JG09060464.jpg\" data-caption-title=\"Barack H. Obama, Pr\u00e4sident der Vereinigten Staaten von Amerika in Dresden am 05.06.2009.\" data-attachment-id=\"665\" data-type=\"image\" class=\"fg-thumb\"><span class=\"fg-image-wrap\"><img decoding=\"async\" title=\"Barack H. Obama, Pr\u00e4sident der Vereinigten Staaten von Amerika in Dresden am 05.06.2009.\" width=\"150\" height=\"150\" class=\"skip-lazy fg-image\" data-src-fg=\"https:\/\/josegiribas.com\/wp-content\/uploads\/cache\/2016\/09\/JG09060464\/87119057.jpg\" src=\"data:image\/svg+xml,%3Csvg%20xmlns%3D%22http%3A%2F%2Fwww.w3.org%2F2000%2Fsvg%22%20width%3D%22150%22%20height%3D%22150%22%20viewBox%3D%220%200%20150%20150%22%3E%3C%2Fsvg%3E\" loading=\"eager\"><\/span><span class=\"fg-image-overlay\"><\/span><\/a><figcaption class=\"fg-caption\"><div class=\"fg-caption-inner\"><div class=\"fg-caption-title\">Barack H. Obama, Pr\u00e4sident der Vereinigten Staaten von Amerika in Dresden am 05.06.2009.<\/div><\/div><\/figcaption><\/figure><div class=\"fg-loader\"><\/div><\/div><div class=\"fg-item fg-type-image fg-idle\"><figure class=\"fg-item-inner\"><a href=\"https:\/\/josegiribas.com\/wp-content\/uploads\/2016\/09\/JG07062299.jpg\" data-caption-title=\"W\u00e4hrend des G8-Gipfels, vor einer Arbeitssitzung mit den Schwellenlaendern (Outreach), schenkt Wladimir Wladimirowitsch Putin, Praesident der Russischen Foederation, dem Fotografen ein Augenzwinkern nach einer kleinen privaten Unterhaltung.\" data-attachment-id=\"664\" data-type=\"image\" class=\"fg-thumb\"><span class=\"fg-image-wrap\"><img decoding=\"async\" title=\"W\u00e4hrend des G8-Gipfels, vor einer Arbeitssitzung mit den Schwellenlaendern (Outreach), schenkt Wladimir Wladimirowitsch Putin, Praesident der Russischen Foederation, dem Fotografen ein Augenzwinkern nach einer kleinen privaten Unterhaltung.\" width=\"150\" height=\"150\" class=\"skip-lazy fg-image\" data-src-fg=\"https:\/\/josegiribas.com\/wp-content\/uploads\/cache\/2016\/09\/JG07062299\/3808525882.jpg\" src=\"data:image\/svg+xml,%3Csvg%20xmlns%3D%22http%3A%2F%2Fwww.w3.org%2F2000%2Fsvg%22%20width%3D%22150%22%20height%3D%22150%22%20viewBox%3D%220%200%20150%20150%22%3E%3C%2Fsvg%3E\" loading=\"eager\"><\/span><span class=\"fg-image-overlay\"><\/span><\/a><figcaption class=\"fg-caption\"><div class=\"fg-caption-inner\"><div class=\"fg-caption-title\">W\u00e4hrend des G8-Gipfels, vor einer Arbeitssitzung mit den Schwellenlaendern (Outreach), schenkt Wladimir Wladimirowitsch Putin, Praesident der Russischen Foederation, dem Fotografen ein Augenzwinkern nach einer kleinen privaten Unterhaltung.<\/div><\/div><\/figcaption><\/figure><div class=\"fg-loader\"><\/div><\/div><\/div>\n\n","protected":false},"excerpt":{"rendered":"","protected":false},"author":2,"featured_media":0,"parent":0,"menu_order":0,"comment_status":"closed","ping_status":"closed","template":"","meta":{"footnotes":""},"class_list":["post-13","page","type-page","status-publish","hentry","no-post-thumbnail","post-grid-3-col","entry"],"translation":{"provider":"WPGlobus","version":"3.0.2","language":"es","enabled_languages":["de","es"],"languages":{"de":{"title":true,"content":true,"excerpt":false},"es":{"title":false,"content":false,"excerpt":false}}},"_links":{"self":[{"href":"https:\/\/josegiribas.com\/es\/wp-json\/wp\/v2\/pages\/13","targetHints":{"allow":["GET"]}}],"collection":[{"href":"https:\/\/josegiribas.com\/es\/wp-json\/wp\/v2\/pages"}],"about":[{"href":"https:\/\/josegiribas.com\/es\/wp-json\/wp\/v2\/types\/page"}],"author":[{"embeddable":true,"href":"https:\/\/josegiribas.com\/es\/wp-json\/wp\/v2\/users\/2"}],"replies":[{"embeddable":true,"href":"https:\/\/josegiribas.com\/es\/wp-json\/wp\/v2\/comments?post=13"}],"version-history":[{"count":9,"href":"https:\/\/josegiribas.com\/es\/wp-json\/wp\/v2\/pages\/13\/revisions"}],"predecessor-version":[{"id":905,"href":"https:\/\/josegiribas.com\/es\/wp-json\/wp\/v2\/pages\/13\/revisions\/905"}],"wp:attachment":[{"href":"https:\/\/josegiribas.com\/es\/wp-json\/wp\/v2\/media?parent=13"}],"curies":[{"name":"wp","href":"https:\/\/api.w.org\/{rel}","templated":true}]}}