{"id":1006,"date":"2017-03-14T15:21:04","date_gmt":"2017-03-14T15:21:04","guid":{"rendered":"http:\/\/josegiribas.com\/?page_id=1006"},"modified":"2021-11-20T16:41:04","modified_gmt":"2021-11-20T16:41:04","slug":"mongolei","status":"publish","type":"page","link":"https:\/\/josegiribas.com\/es\/unterwegs\/mongolei\/","title":{"rendered":"Mongolia"},"content":{"rendered":"<style type=\"text\/css\">\n#foogallery-gallery-1021 .fg-image { width: 150px; }\n#foogallery-gallery-1021 { --fg-gutter: 10px; }<\/style>\n\t\t\t<div class=\"foogallery foogallery-container foogallery-default foogallery-lightbox-foobox-free fg-center fg-default fg-ready fg-light fg-border-thin fg-shadow-small fg-loading-default fg-loaded-fade-in fg-hover-fade fg-hover-zoom\" id=\"foogallery-gallery-1021\" data-foogallery=\"{&quot;item&quot;:{&quot;showCaptionTitle&quot;:true,&quot;showCaptionDescription&quot;:false},&quot;lazy&quot;:true}\" style=\"--fg-title-line-clamp: 0; --fg-description-line-clamp: 0;\" >\n\t<div class=\"fg-item fg-type-image fg-idle\"><figure class=\"fg-item-inner\"><a href=\"https:\/\/josegiribas.com\/wp-content\/uploads\/2017\/03\/JGM15101993.jpg\" data-caption-title=\"Mongolei, Ulan Bator, 16.10.2015.\r\nDas Tschoidschin Lama-Tempel-Museums in Ulan Bator, Mongolei am 16.10.2015.\" data-attachment-id=\"928\" data-type=\"image\" class=\"fg-thumb\"><span class=\"fg-image-wrap\"><img decoding=\"async\" title=\"Mongolei, Ulan Bator, 16.10.2015.\r\nDas Tschoidschin Lama-Tempel-Museums in Ulan Bator, Mongolei am 16.10.2015.\" width=\"150\" height=\"150\" class=\"skip-lazy fg-image\" data-src-fg=\"https:\/\/josegiribas.com\/wp-content\/uploads\/cache\/2017\/03\/JGM15101993\/433845261.jpg\" src=\"data:image\/svg+xml,%3Csvg%20xmlns%3D%22http%3A%2F%2Fwww.w3.org%2F2000%2Fsvg%22%20width%3D%22150%22%20height%3D%22150%22%20viewBox%3D%220%200%20150%20150%22%3E%3C%2Fsvg%3E\" loading=\"eager\"><\/span><span class=\"fg-image-overlay\"><\/span><\/a><figcaption class=\"fg-caption\"><div class=\"fg-caption-inner\"><div class=\"fg-caption-title\">Mongolei, Ulan Bator, 16.10.2015.\r\nDas Tschoidschin Lama-Tempel-Museums in Ulan Bator, Mongolei am 16.10.2015.<\/div><\/div><\/figcaption><\/figure><div class=\"fg-loader\"><\/div><\/div><div class=\"fg-item fg-type-image fg-idle\"><figure class=\"fg-item-inner\"><a href=\"https:\/\/josegiribas.com\/wp-content\/uploads\/2017\/03\/JGM15101960.jpg\" data-caption-title=\"Mongolei, Ulan Bator, 16.10.2015.\r\nArchitektur-Kontrataste in Ulan Bator, Mongolei am 16.10.2015.\r\nDer Blau Sky Tower (links) ist mit 105 Metern das h\u00f6chste Bauwerk der mongolischen Hauptstadt und das Tschoidschin Lama-Tempel in Ullan Bator.\" data-attachment-id=\"927\" data-type=\"image\" class=\"fg-thumb\"><span class=\"fg-image-wrap\"><img decoding=\"async\" title=\"Mongolei, Ulan Bator, 16.10.2015.\r\nArchitektur-Kontrataste in Ulan Bator, Mongolei am 16.10.2015.\r\nDer Blau Sky Tower (links) ist mit 105 Metern das h\u00f6chste Bauwerk der mongolischen Hauptstadt und das Tschoidschin Lama-Tempel in Ullan Bator.\" width=\"150\" height=\"150\" class=\"skip-lazy fg-image\" data-src-fg=\"https:\/\/josegiribas.com\/wp-content\/uploads\/cache\/2017\/03\/JGM15101960\/4211898428.jpg\" src=\"data:image\/svg+xml,%3Csvg%20xmlns%3D%22http%3A%2F%2Fwww.w3.org%2F2000%2Fsvg%22%20width%3D%22150%22%20height%3D%22150%22%20viewBox%3D%220%200%20150%20150%22%3E%3C%2Fsvg%3E\" loading=\"eager\"><\/span><span class=\"fg-image-overlay\"><\/span><\/a><figcaption class=\"fg-caption\"><div class=\"fg-caption-inner\"><div class=\"fg-caption-title\">Mongolei, Ulan Bator, 16.10.2015.\r\nArchitektur-Kontrataste in Ulan Bator, Mongolei am 16.10.2015.\r\nDer Blau Sky Tower (links) ist mit 105 Metern das h\u00f6chste Bauwerk der mongolischen Hauptstadt und das Tschoidschin Lama-Tempel in Ullan Bator.<\/div><\/div><\/figcaption><\/figure><div class=\"fg-loader\"><\/div><\/div><div class=\"fg-item fg-type-image fg-idle\"><figure class=\"fg-item-inner\"><a href=\"https:\/\/josegiribas.com\/wp-content\/uploads\/2017\/03\/JGM15101854.jpg\" data-caption-title=\"Mongolei, Nalaikh, 15.10.2015.\r\nUNICEF-Kindergarten im Dorf Nalaikh in der Naehe von Ulan Bator, Mongolei am 15.10.2015.\" data-attachment-id=\"926\" data-type=\"image\" class=\"fg-thumb\"><span class=\"fg-image-wrap\"><img decoding=\"async\" title=\"Mongolei, Nalaikh, 15.10.2015.\r\nUNICEF-Kindergarten im Dorf Nalaikh in der Naehe von Ulan Bator, Mongolei am 15.10.2015.\" width=\"150\" height=\"150\" class=\"skip-lazy fg-image\" data-src-fg=\"https:\/\/josegiribas.com\/wp-content\/uploads\/cache\/2017\/03\/JGM15101854\/4238594958.jpg\" src=\"data:image\/svg+xml,%3Csvg%20xmlns%3D%22http%3A%2F%2Fwww.w3.org%2F2000%2Fsvg%22%20width%3D%22150%22%20height%3D%22150%22%20viewBox%3D%220%200%20150%20150%22%3E%3C%2Fsvg%3E\" loading=\"eager\"><\/span><span class=\"fg-image-overlay\"><\/span><\/a><figcaption class=\"fg-caption\"><div class=\"fg-caption-inner\"><div class=\"fg-caption-title\">Mongolei, Nalaikh, 15.10.2015.\r\nUNICEF-Kindergarten im Dorf Nalaikh in der Naehe von Ulan Bator, Mongolei am 15.10.2015.<\/div><\/div><\/figcaption><\/figure><div class=\"fg-loader\"><\/div><\/div><div class=\"fg-item fg-type-image fg-idle\"><figure class=\"fg-item-inner\"><a href=\"https:\/\/josegiribas.com\/wp-content\/uploads\/2017\/03\/JGM15101690.jpg\" data-caption-title=\"Mongolei, Ulan Bator, 15.10.2015.\r\nGandantegtschinlen-Kloster in Ulan Bator, Mongolei am 15.10.2015.\r\nDas Gandantegtschinlen-Kloster ist zentrales Heiligtum der Mongolei.\" data-attachment-id=\"925\" data-type=\"image\" class=\"fg-thumb\"><span class=\"fg-image-wrap\"><img decoding=\"async\" title=\"Mongolei, Ulan Bator, 15.10.2015.\r\nGandantegtschinlen-Kloster in Ulan Bator, Mongolei am 15.10.2015.\r\nDas Gandantegtschinlen-Kloster ist zentrales Heiligtum der Mongolei.\" width=\"150\" height=\"150\" class=\"skip-lazy fg-image\" data-src-fg=\"https:\/\/josegiribas.com\/wp-content\/uploads\/cache\/2017\/03\/JGM15101690\/2129332486.jpg\" src=\"data:image\/svg+xml,%3Csvg%20xmlns%3D%22http%3A%2F%2Fwww.w3.org%2F2000%2Fsvg%22%20width%3D%22150%22%20height%3D%22150%22%20viewBox%3D%220%200%20150%20150%22%3E%3C%2Fsvg%3E\" loading=\"eager\"><\/span><span class=\"fg-image-overlay\"><\/span><\/a><figcaption class=\"fg-caption\"><div class=\"fg-caption-inner\"><div class=\"fg-caption-title\">Mongolei, Ulan Bator, 15.10.2015.\r\nGandantegtschinlen-Kloster in Ulan Bator, Mongolei am 15.10.2015.\r\nDas Gandantegtschinlen-Kloster ist zentrales Heiligtum der Mongolei.<\/div><\/div><\/figcaption><\/figure><div class=\"fg-loader\"><\/div><\/div><div class=\"fg-item fg-type-image fg-idle\"><figure class=\"fg-item-inner\"><a href=\"https:\/\/josegiribas.com\/wp-content\/uploads\/2017\/03\/JGM15101611.jpg\" data-caption-title=\"Mongolei, Ulan Bator, 15.10.2015.\r\nBuddist beim Betten mit Gebetsmuehlen im Gandantegtschinlen-Kloster in Ulan Bator, Mongolei am 15.10.2015.\" data-attachment-id=\"924\" data-type=\"image\" class=\"fg-thumb\"><span class=\"fg-image-wrap\"><img decoding=\"async\" title=\"Mongolei, Ulan Bator, 15.10.2015.\r\nBuddist beim Betten mit Gebetsmuehlen im Gandantegtschinlen-Kloster in Ulan Bator, Mongolei am 15.10.2015.\" width=\"150\" height=\"150\" class=\"skip-lazy fg-image\" data-src-fg=\"https:\/\/josegiribas.com\/wp-content\/uploads\/cache\/2017\/03\/JGM15101611\/1546869043.jpg\" src=\"data:image\/svg+xml,%3Csvg%20xmlns%3D%22http%3A%2F%2Fwww.w3.org%2F2000%2Fsvg%22%20width%3D%22150%22%20height%3D%22150%22%20viewBox%3D%220%200%20150%20150%22%3E%3C%2Fsvg%3E\" loading=\"eager\"><\/span><span class=\"fg-image-overlay\"><\/span><\/a><figcaption class=\"fg-caption\"><div class=\"fg-caption-inner\"><div class=\"fg-caption-title\">Mongolei, Ulan Bator, 15.10.2015.\r\nBuddist beim Betten mit Gebetsmuehlen im Gandantegtschinlen-Kloster in Ulan Bator, Mongolei am 15.10.2015.<\/div><\/div><\/figcaption><\/figure><div class=\"fg-loader\"><\/div><\/div><div class=\"fg-item fg-type-image fg-idle\"><figure class=\"fg-item-inner\"><a href=\"https:\/\/josegiribas.com\/wp-content\/uploads\/2017\/03\/JGM15101579.jpg\" data-caption-title=\"Mongolei, Ulan Bator, 15.10.2015.\r\nAudienzjurte des Gandantegtschinlen-Klosters in Ulan Bator, Mongolei am 15.10.2015.\" data-attachment-id=\"923\" data-type=\"image\" class=\"fg-thumb\"><span class=\"fg-image-wrap\"><img decoding=\"async\" title=\"Mongolei, Ulan Bator, 15.10.2015.\r\nAudienzjurte des Gandantegtschinlen-Klosters in Ulan Bator, Mongolei am 15.10.2015.\" width=\"150\" height=\"150\" class=\"skip-lazy fg-image\" data-src-fg=\"https:\/\/josegiribas.com\/wp-content\/uploads\/cache\/2017\/03\/JGM15101579\/1692293975.jpg\" src=\"data:image\/svg+xml,%3Csvg%20xmlns%3D%22http%3A%2F%2Fwww.w3.org%2F2000%2Fsvg%22%20width%3D%22150%22%20height%3D%22150%22%20viewBox%3D%220%200%20150%20150%22%3E%3C%2Fsvg%3E\" loading=\"eager\"><\/span><span class=\"fg-image-overlay\"><\/span><\/a><figcaption class=\"fg-caption\"><div class=\"fg-caption-inner\"><div class=\"fg-caption-title\">Mongolei, Ulan Bator, 15.10.2015.\r\nAudienzjurte des Gandantegtschinlen-Klosters in Ulan Bator, Mongolei am 15.10.2015.<\/div><\/div><\/figcaption><\/figure><div class=\"fg-loader\"><\/div><\/div><div class=\"fg-item fg-type-image fg-idle\"><figure class=\"fg-item-inner\"><a href=\"https:\/\/josegiribas.com\/wp-content\/uploads\/2017\/03\/JGM15101549.jpg\" data-caption-title=\"Mongolei, Ulan Bator, 15.10.2015.\r\nEingang zum Gandantegtschinlen-Kloster in Ulan Bator, Mongolei am 15.10.2015.\" data-attachment-id=\"922\" data-type=\"image\" class=\"fg-thumb\"><span class=\"fg-image-wrap\"><img decoding=\"async\" title=\"Mongolei, Ulan Bator, 15.10.2015.\r\nEingang zum Gandantegtschinlen-Kloster in Ulan Bator, Mongolei am 15.10.2015.\" width=\"150\" height=\"150\" class=\"skip-lazy fg-image\" data-src-fg=\"https:\/\/josegiribas.com\/wp-content\/uploads\/cache\/2017\/03\/JGM15101549\/150574369.jpg\" src=\"data:image\/svg+xml,%3Csvg%20xmlns%3D%22http%3A%2F%2Fwww.w3.org%2F2000%2Fsvg%22%20width%3D%22150%22%20height%3D%22150%22%20viewBox%3D%220%200%20150%20150%22%3E%3C%2Fsvg%3E\" loading=\"eager\"><\/span><span class=\"fg-image-overlay\"><\/span><\/a><figcaption class=\"fg-caption\"><div class=\"fg-caption-inner\"><div class=\"fg-caption-title\">Mongolei, Ulan Bator, 15.10.2015.\r\nEingang zum Gandantegtschinlen-Kloster in Ulan Bator, Mongolei am 15.10.2015.<\/div><\/div><\/figcaption><\/figure><div class=\"fg-loader\"><\/div><\/div><div class=\"fg-item fg-type-image fg-idle\"><figure class=\"fg-item-inner\"><a href=\"https:\/\/josegiribas.com\/wp-content\/uploads\/2017\/03\/JGM15101504.jpg\" data-caption-title=\"Mongolei, Ulan Bator, 15.10.2015.\r\nHochzeitsgesellschaft in traditionellen Kleidern nach der Trauung im Hochzeitspalast in Ulan Bator, Mongolei am 15.10.2015.\" data-attachment-id=\"921\" data-type=\"image\" class=\"fg-thumb\"><span class=\"fg-image-wrap\"><img decoding=\"async\" title=\"Mongolei, Ulan Bator, 15.10.2015.\r\nHochzeitsgesellschaft in traditionellen Kleidern nach der Trauung im Hochzeitspalast in Ulan Bator, Mongolei am 15.10.2015.\" width=\"150\" height=\"150\" class=\"skip-lazy fg-image\" data-src-fg=\"https:\/\/josegiribas.com\/wp-content\/uploads\/cache\/2017\/03\/JGM15101504\/821020201.jpg\" src=\"data:image\/svg+xml,%3Csvg%20xmlns%3D%22http%3A%2F%2Fwww.w3.org%2F2000%2Fsvg%22%20width%3D%22150%22%20height%3D%22150%22%20viewBox%3D%220%200%20150%20150%22%3E%3C%2Fsvg%3E\" loading=\"eager\"><\/span><span class=\"fg-image-overlay\"><\/span><\/a><figcaption class=\"fg-caption\"><div class=\"fg-caption-inner\"><div class=\"fg-caption-title\">Mongolei, Ulan Bator, 15.10.2015.\r\nHochzeitsgesellschaft in traditionellen Kleidern nach der Trauung im Hochzeitspalast in Ulan Bator, Mongolei am 15.10.2015.<\/div><\/div><\/figcaption><\/figure><div class=\"fg-loader\"><\/div><\/div><div class=\"fg-item fg-type-image fg-idle\"><figure class=\"fg-item-inner\"><a href=\"https:\/\/josegiribas.com\/wp-content\/uploads\/2017\/03\/JGM15101266.jpg\" data-caption-title=\"Mongolei, Ulan Bator, 15.10.2015.\r\nBesuch des Bundespr\u00e4sidenten in Ulan Bator, Mongolei am 15.10.2015.\r\nBegr\u00fc\u00dfung mit militaerischen Ehren durch den mongolischen Praesidenten am Chinggis-Platz.\r\nReiter und Soldaten der Ehrengarde.\" data-attachment-id=\"920\" data-type=\"image\" class=\"fg-thumb\"><span class=\"fg-image-wrap\"><img decoding=\"async\" title=\"Mongolei, Ulan Bator, 15.10.2015.\r\nBesuch des Bundespr\u00e4sidenten in Ulan Bator, Mongolei am 15.10.2015.\r\nBegr\u00fc\u00dfung mit militaerischen Ehren durch den mongolischen Praesidenten am Chinggis-Platz.\r\nReiter und Soldaten der Ehrengarde.\" width=\"150\" height=\"150\" class=\"skip-lazy fg-image\" data-src-fg=\"https:\/\/josegiribas.com\/wp-content\/uploads\/cache\/2017\/03\/JGM15101266\/3064353044.jpg\" src=\"data:image\/svg+xml,%3Csvg%20xmlns%3D%22http%3A%2F%2Fwww.w3.org%2F2000%2Fsvg%22%20width%3D%22150%22%20height%3D%22150%22%20viewBox%3D%220%200%20150%20150%22%3E%3C%2Fsvg%3E\" loading=\"eager\"><\/span><span class=\"fg-image-overlay\"><\/span><\/a><figcaption class=\"fg-caption\"><div class=\"fg-caption-inner\"><div class=\"fg-caption-title\">Mongolei, Ulan Bator, 15.10.2015.\r\nBesuch des Bundespr\u00e4sidenten in Ulan Bator, Mongolei am 15.10.2015.\r\nBegr\u00fc\u00dfung mit militaerischen Ehren durch den mongolischen Praesidenten am Chinggis-Platz.\r\nReiter und Soldaten der Ehrengarde.<\/div><\/div><\/figcaption><\/figure><div class=\"fg-loader\"><\/div><\/div><div class=\"fg-item fg-type-image fg-idle\"><figure class=\"fg-item-inner\"><a href=\"https:\/\/josegiribas.com\/wp-content\/uploads\/2017\/03\/JGM15101242.jpg\" data-caption-title=\"Mongolei, Ulan Bator, 15.10.2015.\r\nBesuch des Bundespr\u00e4sidenten in Ulan Bator, Mongolei am 15.10.2015.\r\nBegr\u00fc\u00dfung mit militaerischen Ehren durch den mongolischen Pr\u00e4sidenten am Chinggis-Platz.\r\nSoldat der Ehrengarde.\" data-attachment-id=\"919\" data-type=\"image\" class=\"fg-thumb\"><span class=\"fg-image-wrap\"><img decoding=\"async\" title=\"Mongolei, Ulan Bator, 15.10.2015.\r\nBesuch des Bundespr\u00e4sidenten in Ulan Bator, Mongolei am 15.10.2015.\r\nBegr\u00fc\u00dfung mit militaerischen Ehren durch den mongolischen Pr\u00e4sidenten am Chinggis-Platz.\r\nSoldat der Ehrengarde.\" width=\"150\" height=\"150\" class=\"skip-lazy fg-image\" data-src-fg=\"https:\/\/josegiribas.com\/wp-content\/uploads\/cache\/2017\/03\/JGM15101242\/2134098892.jpg\" src=\"data:image\/svg+xml,%3Csvg%20xmlns%3D%22http%3A%2F%2Fwww.w3.org%2F2000%2Fsvg%22%20width%3D%22150%22%20height%3D%22150%22%20viewBox%3D%220%200%20150%20150%22%3E%3C%2Fsvg%3E\" loading=\"eager\"><\/span><span class=\"fg-image-overlay\"><\/span><\/a><figcaption class=\"fg-caption\"><div class=\"fg-caption-inner\"><div class=\"fg-caption-title\">Mongolei, Ulan Bator, 15.10.2015.\r\nBesuch des Bundespr\u00e4sidenten in Ulan Bator, Mongolei am 15.10.2015.\r\nBegr\u00fc\u00dfung mit militaerischen Ehren durch den mongolischen Pr\u00e4sidenten am Chinggis-Platz.\r\nSoldat der Ehrengarde.<\/div><\/div><\/figcaption><\/figure><div class=\"fg-loader\"><\/div><\/div><\/div>\n\n","protected":false},"excerpt":{"rendered":"","protected":false},"author":1,"featured_media":0,"parent":584,"menu_order":0,"comment_status":"closed","ping_status":"closed","template":"","meta":{"footnotes":""},"class_list":["post-1006","page","type-page","status-publish","hentry","no-post-thumbnail","post-grid-3-col","entry"],"translation":{"provider":"WPGlobus","version":"3.0.2","language":"es","enabled_languages":["de","es"],"languages":{"de":{"title":true,"content":true,"excerpt":false},"es":{"title":true,"content":true,"excerpt":false}}},"_links":{"self":[{"href":"https:\/\/josegiribas.com\/es\/wp-json\/wp\/v2\/pages\/1006","targetHints":{"allow":["GET"]}}],"collection":[{"href":"https:\/\/josegiribas.com\/es\/wp-json\/wp\/v2\/pages"}],"about":[{"href":"https:\/\/josegiribas.com\/es\/wp-json\/wp\/v2\/types\/page"}],"author":[{"embeddable":true,"href":"https:\/\/josegiribas.com\/es\/wp-json\/wp\/v2\/users\/1"}],"replies":[{"embeddable":true,"href":"https:\/\/josegiribas.com\/es\/wp-json\/wp\/v2\/comments?post=1006"}],"version-history":[{"count":7,"href":"https:\/\/josegiribas.com\/es\/wp-json\/wp\/v2\/pages\/1006\/revisions"}],"predecessor-version":[{"id":1485,"href":"https:\/\/josegiribas.com\/es\/wp-json\/wp\/v2\/pages\/1006\/revisions\/1485"}],"up":[{"embeddable":true,"href":"https:\/\/josegiribas.com\/es\/wp-json\/wp\/v2\/pages\/584"}],"wp:attachment":[{"href":"https:\/\/josegiribas.com\/es\/wp-json\/wp\/v2\/media?parent=1006"}],"curies":[{"name":"wp","href":"https:\/\/api.w.org\/{rel}","templated":true}]}}